{"id":4137,"date":"2026-01-31T09:09:12","date_gmt":"2026-01-31T09:09:12","guid":{"rendered":"https:\/\/www.amecee.com.cn\/?post_type=product&#038;p=4137"},"modified":"2026-03-28T07:22:36","modified_gmt":"2026-03-28T07:22:36","slug":"standing-dc-fast-charging-120kw-240kw-320kw-ccs1-3","status":"publish","type":"product","link":"https:\/\/www.amecee.com.cn\/fr\/produit\/standing-dc-fast-charging-120kw-240kw-320kw-ccs1-3\/","title":{"rendered":"Chargement rapide CC 120KW\/240KW\/320KW CCS1"},"content":{"rendered":"<h3 class=\"pub_title\">Caract\u00e9ristiques<\/h3>\n<ul>\n<li>Sortie haute tension La tension de sortie maximale peut atteindre 1000 V, ce qui permet de r\u00e9pondre aux exigences de divers types de v\u00e9hicules, notamment les petites voitures, les autobus de taille moyenne et les grands autobus.<\/li>\n<li>Puissance de sortie \u00e9lev\u00e9e Chargement rapide avec une puissance de sortie \u00e9lev\u00e9e adapt\u00e9e aux grands parkings, aux zones r\u00e9sidentielles et aux centres commerciaux.<\/li>\n<li>Distribution intelligente de l'\u00e9nergie Plusieurs con- necteurs se chargent simultan\u00e9ment, ils sont r\u00e9partis selon les besoins, chaque module d'alimentation fonctionne de mani\u00e8re autonome, ce qui maximise l'utilisation du module.<\/li>\n<li>Caract\u00e9ristiques flexibles Terminal POS int\u00e9gr\u00e9 et structure de suspension de c\u00e2bles en option.<\/li>\n<li>Conception intelligente de dissipation de la chaleur Conception modulaire de dissipation de la chaleur, fonctionnement ind\u00e9pendant, le ventilateur fonctionne en fonction des conditions de travail de la station, faible pollution sonore.<\/li>\n<li>Combinaison de ports de charge multistandard CCS2, CHAdeMO, GB\/T, CCS1 pouvant \u00eatre combin\u00e9s et personnalis\u00e9s.<\/li>\n<\/ul>\n<h3 class=\"pub_title\">Param\u00e8tres<\/h3>\n<table class=\"pro_table\" width=\"100%\">\n<tbody>\n<tr class=\"trbj\">\n<td colspan=\"5\">Sp\u00e9cifications<\/td>\n<\/tr>\n<tr>\n<td>Mod\u00e8le<\/td>\n<td><\/td>\n<td>HS_FDC_120<\/td>\n<td>HS_FDC_240<\/td>\n<td>HS_FDC_320<\/td>\n<\/tr>\n<tr class=\"trbj\">\n<td colspan=\"5\">Propri\u00e9t\u00e9s \u00e9lectriques<\/td>\n<\/tr>\n<tr>\n<td rowspan=\"6\">Entr\u00e9e AC<\/td>\n<td>Puissance d'entr\u00e9e<\/td>\n<td>AC 480V\u00b115% 3ph<\/td>\n<td>AC 480V\u00b1d15% 3ph<\/td>\n<td>AC 480V\u00b115% 3ph<\/td>\n<\/tr>\n<tr>\n<td>Connexion de l'entr\u00e9e AC<\/td>\n<td>3P+N+PE<\/td>\n<td>3P+N+PE<\/td>\n<td>3P+N+PE<\/td>\n<\/tr>\n<tr>\n<td>Courant d'entr\u00e9e AC<\/td>\n<td>Max 169A<\/td>\n<td>Max 339A<\/td>\n<td>Max 452A<\/td>\n<\/tr>\n<tr>\n<td>Fr\u00e9quence<\/td>\n<td>50\/60Hz<\/td>\n<td>50\/60Hz<\/td>\n<td>50\/60Hz<\/td>\n<\/tr>\n<tr>\n<td>Facteur de puissance<\/td>\n<td>\u22650.99<\/td>\n<td>\u22650.99<\/td>\n<td>\u22650.99<\/td>\n<\/tr>\n<tr>\n<td>Efficacit\u00e9<\/td>\n<td>\u226595%<\/td>\n<td>\u226595%<\/td>\n<td>\u226595%<\/td>\n<\/tr>\n<tr>\n<td rowspan=\"5\">Sortie DC<\/td>\n<td>Plage de tension de sortie<\/td>\n<td>DC200-1000V<\/td>\n<td>DC200-1000V<\/td>\n<td>DC200-1000V<\/td>\n<\/tr>\n<tr>\n<td>Courant de sortie max.<\/td>\n<td>250A(syst\u00e8me)<\/td>\n<td>250A(syst\u00e8me)<\/td>\n<td>250A(syst\u00e8me)<\/td>\n<\/tr>\n<tr>\n<td>Puissance de sortie maximale<\/td>\n<td>DC120KW<\/td>\n<td>DC240KW<\/td>\n<td>DC320KW<\/td>\n<\/tr>\n<tr>\n<td>Pr\u00e9cision de la tension<\/td>\n<td>\u2264\u00b10,5%<\/td>\n<td>\u2264\u00b10,5%<\/td>\n<td>\u2264\u00b10,5%<\/td>\n<\/tr>\n<tr>\n<td>Pr\u00e9cision du courant<\/td>\n<td>\u2264\u00b11%<\/td>\n<td>\u2264\u00b11%<\/td>\n<td>\u2264\u00b11%<\/td>\n<\/tr>\n<tr class=\"trbj\">\n<td colspan=\"5\">Interfact et contr\u00f4le de l'utilisateur<\/td>\n<\/tr>\n<tr>\n<td colspan=\"2\">Bouton d'arr\u00eat d'urgence<\/td>\n<td colspan=\"3\">Oui<\/td>\n<\/tr>\n<tr>\n<td colspan=\"2\">Affichage<\/td>\n<td colspan=\"3\">\u00c9cran LCD 21,5\u201d + \u00e9cran tactile LCD 7<\/td>\n<\/tr>\n<tr>\n<td colspan=\"2\">Authentification de l'utilisateur<\/td>\n<td colspan=\"3\">RFID , OCPP , QR Code, Passeport, Application<\/td>\n<\/tr>\n<tr>\n<td colspan=\"2\">Langue d'appui<\/td>\n<td colspan=\"3\">L'anglais ou d'autres langues sont disponibles sur demande<\/td>\n<\/tr>\n<tr class=\"trbj\">\n<td colspan=\"5\">Communication<\/td>\n<\/tr>\n<tr>\n<td colspan=\"2\">Externe<\/td>\n<td colspan=\"3\">Ethernet, Wifi<\/td>\n<\/tr>\n<tr>\n<td colspan=\"2\">Interne<\/td>\n<td colspan=\"3\">CAN, RS485, RS232<\/td>\n<\/tr>\n<tr class=\"trbj\">\n<td colspan=\"5\">Environnement<\/td>\n<\/tr>\n<tr>\n<td colspan=\"2\">Temp\u00e9rature de fonctionnement<\/td>\n<td colspan=\"3\">&#8216;-40 \u2103 ~ +50 \u2103<\/td>\n<\/tr>\n<tr>\n<td colspan=\"2\">Humidit\u00e9<\/td>\n<td colspan=\"3\">&lt;95% humidit\u00e9 relative, sans condensation<\/td>\n<\/tr>\n<tr>\n<td colspan=\"2\">Altitude<\/td>\n<td colspan=\"3\">\u22642000m(6000 pieds)<\/td>\n<\/tr>\n<tr class=\"trbj\">\n<td colspan=\"5\">M\u00e9canique<\/td>\n<\/tr>\n<tr>\n<td colspan=\"2\">Protection contre les infiltrations<\/td>\n<td colspan=\"3\">IP54<\/td>\n<\/tr>\n<tr>\n<td colspan=\"2\">Protection de l'enceinte<\/td>\n<td colspan=\"3\">IK10<\/td>\n<\/tr>\n<tr>\n<td colspan=\"2\">Refroidissement<\/td>\n<td colspan=\"3\">Air forc\u00e9<\/td>\n<\/tr>\n<tr>\n<td colspan=\"2\">M\u00e9thode d'installation<\/td>\n<td colspan=\"3\">Type de sol<\/td>\n<\/tr>\n<tr>\n<td colspan=\"2\">Protection de l'environnement<\/td>\n<td colspan=\"3\">Surintensit\u00e9, sous-tension, surtension, courant r\u00e9siduel, protection contre les surtensions Court-circuit, surchauffe, d\u00e9faut \u00e0 la terre<\/td>\n<\/tr>\n<tr>\n<td colspan=\"2\">Passerelle r\u00e9seau<\/td>\n<td colspan=\"3\">4G<\/td>\n<\/tr>\n<tr>\n<td colspan=\"2\">Mode de paiement<\/td>\n<td colspan=\"3\">SCAN , Machine POS<\/td>\n<\/tr>\n<tr class=\"trbj\">\n<td colspan=\"5\">D\u00e9tails de l'emballage<\/td>\n<\/tr>\n<tr>\n<td colspan=\"2\">Dimension du produit<\/td>\n<td>204.5*95*87cm<\/td>\n<td>204.5*95*87cm<\/td>\n<td>204.5*95*87cm<\/td>\n<\/tr>\n<tr>\n<td colspan=\"2\">Poids du produit<\/td>\n<td>257Kg<\/td>\n<td>310Kg<\/td>\n<td>370Kg<\/td>\n<\/tr>\n<\/tbody>\n<\/table>","protected":false},"excerpt":{"rendered":"<p><strong>Syst\u00e8me de recharge rapide modulaire efficace, intelligent et compatible avec plusieurs v\u00e9hicules<\/strong><\/p>\n<p class=\"p1\">Ce syst\u00e8me de charge est con\u00e7u pour r\u00e9pondre aux besoins de charge rapide d'une large gamme de v\u00e9hicules, des voitures particuli\u00e8res aux grands autobus, en prenant en charge une gamme compl\u00e8te de tensions allant jusqu'\u00e0 1000V. Son architecture modulaire permet une distribution intelligente de l'\u00e9nergie pour la recharge simultan\u00e9e de plusieurs connecteurs, tout en ajustant dynamiquement le refroidissement pour assurer un fonctionnement silencieux et efficace.<\/p>\n<p class=\"p1\">Des fonctions optionnelles telles qu'un terminal POS int\u00e9gr\u00e9 et une suspension de c\u00e2ble am\u00e9liorent l'exp\u00e9rience de l'utilisateur et la flexibilit\u00e9 de l'installation. Prenant en charge plusieurs normes de recharge mondiales, elle est id\u00e9ale pour les lieux tr\u00e8s fr\u00e9quent\u00e9s tels que les parkings, les communaut\u00e9s r\u00e9sidentielles et les centres commerciaux, permettant aux op\u00e9rateurs de construire des r\u00e9seaux de recharge fiables, efficaces et conviviaux.<\/p>","protected":false},"featured_media":3554,"template":"","meta":{"_seopress_robots_primary_cat":"none","_seopress_titles_title":"","_seopress_titles_desc":"","_seopress_robots_index":"","_uag_custom_page_level_css":"","site-sidebar-layout":"default","site-content-layout":"","ast-site-content-layout":"default","site-content-style":"default","site-sidebar-style":"default","ast-global-header-display":"","ast-banner-title-visibility":"","ast-main-header-display":"","ast-hfb-above-header-display":"","ast-hfb-below-header-display":"","ast-hfb-mobile-header-display":"","site-post-title":"","ast-breadcrumbs-content":"","ast-featured-img":"","footer-sml-layout":"","ast-disable-related-posts":"","theme-transparent-header-meta":"default","adv-header-id-meta":"","stick-header-meta":"default","header-above-stick-meta":"","header-main-stick-meta":"","header-below-stick-meta":"","astra-migrate-meta-layouts":"set","ast-page-background-enabled":"default","ast-page-background-meta":{"desktop":{"background-color":"var(--ast-global-color-4)","background-image":"","background-repeat":"repeat","background-position":"center center","background-size":"auto","background-attachment":"scroll","background-type":"","background-media":"","overlay-type":"","overlay-color":"","overlay-opacity":"","overlay-gradient":""},"tablet":{"background-color":"","background-image":"","background-repeat":"repeat","background-position":"center center","background-size":"auto","background-attachment":"scroll","background-type":"","background-media":"","overlay-type":"","overlay-color":"","overlay-opacity":"","overlay-gradient":""},"mobile":{"background-color":"","background-image":"","background-repeat":"repeat","background-position":"center center","background-size":"auto","background-attachment":"scroll","background-type":"","background-media":"","overlay-type":"","overlay-color":"","overlay-opacity":"","overlay-gradient":""}},"ast-content-background-meta":{"desktop":{"background-color":"var(--ast-global-color-5)","background-image":"","background-repeat":"repeat","background-position":"center center","background-size":"auto","background-attachment":"scroll","background-type":"","background-media":"","overlay-type":"","overlay-color":"","overlay-opacity":"","overlay-gradient":""},"tablet":{"background-color":"var(--ast-global-color-5)","background-image":"","background-repeat":"repeat","background-position":"center center","background-size":"auto","background-attachment":"scroll","background-type":"","background-media":"","overlay-type":"","overlay-color":"","overlay-opacity":"","overlay-gradient":""},"mobile":{"background-color":"var(--ast-global-color-5)","background-image":"","background-repeat":"repeat","background-position":"center center","background-size":"auto","background-attachment":"scroll","background-type":"","background-media":"","overlay-type":"","overlay-color":"","overlay-opacity":"","overlay-gradient":""}},"iawp_total_views":13},"product_brand":[51],"product_cat":[57],"product_tag":[],"class_list":{"0":"post-4137","1":"product","2":"type-product","3":"status-publish","4":"has-post-thumbnail","6":"product_brand-dc-ccs1","7":"product_cat-dc-floor-ev-charger-ccs1","8":"desktop-align-left","9":"tablet-align-left","10":"mobile-align-left","11":"ast-product-gallery-layout-horizontal-slider","12":"ast-product-gallery-with-no-image","13":"ast-magnify-disabled","14":"ast-product-tabs-layout-horizontal","16":"first","17":"instock","18":"featured","19":"shipping-taxable","20":"product-type-simple"},"spectra_custom_meta":{"total_sales":["0"],"_tax_status":["taxable"],"_tax_class":[""],"_manage_stock":["no"],"_backorders":["no"],"_sold_individually":["no"],"_virtual":["no"],"_downloadable":["no"],"_download_limit":["-1"],"_download_expiry":["-1"],"_thumbnail_id":["3554"],"_stock":[null],"_stock_status":["instock"],"_wc_average_rating":["0"],"_wc_review_count":["0"],"_product_version":["10.6.1"],"_seopress_redirections_type":["301"],"_seopress_redirections_logged_status":["both"],"_seopress_analysis_target_kw":[""],"site-sidebar-layout":["default"],"ast-site-content-layout":["default"],"site-content-style":["default"],"site-sidebar-style":["default"],"theme-transparent-header-meta":["default"],"stick-header-meta":["default"],"_seopress_robots_primary_cat":["none"],"_wp_old_date":["2025-09-22"],"iawp_total_views":["13"],"_edit_lock":["1774682422:2"],"_edit_last":["2"],"astra-migrate-meta-layouts":["set"],"_uag_css_file_name":["uag-css-4137.css"]},"uagb_featured_image_src":{"full":["https:\/\/www.amecee.com.cn\/wp-content\/uploads\/2025\/09\/Standing-DC-Fast-Charging-1-2-0-KW-2-4-0-KW-3-2-0-KW.webp",1000,1000,false],"thumbnail":["https:\/\/www.amecee.com.cn\/wp-content\/uploads\/2025\/09\/Standing-DC-Fast-Charging-1-2-0-KW-2-4-0-KW-3-2-0-KW-150x150.webp",150,150,true],"medium":["https:\/\/www.amecee.com.cn\/wp-content\/uploads\/2025\/09\/Standing-DC-Fast-Charging-1-2-0-KW-2-4-0-KW-3-2-0-KW-300x300.webp",300,300,true],"medium_large":["https:\/\/www.amecee.com.cn\/wp-content\/uploads\/2025\/09\/Standing-DC-Fast-Charging-1-2-0-KW-2-4-0-KW-3-2-0-KW-768x768.webp",768,768,true],"large":["https:\/\/www.amecee.com.cn\/wp-content\/uploads\/2025\/09\/Standing-DC-Fast-Charging-1-2-0-KW-2-4-0-KW-3-2-0-KW.webp",1000,1000,false],"1536x1536":["https:\/\/www.amecee.com.cn\/wp-content\/uploads\/2025\/09\/Standing-DC-Fast-Charging-1-2-0-KW-2-4-0-KW-3-2-0-KW.webp",1000,1000,false],"2048x2048":["https:\/\/www.amecee.com.cn\/wp-content\/uploads\/2025\/09\/Standing-DC-Fast-Charging-1-2-0-KW-2-4-0-KW-3-2-0-KW.webp",1000,1000,false],"trp-custom-language-flag":["https:\/\/www.amecee.com.cn\/wp-content\/uploads\/2025\/09\/Standing-DC-Fast-Charging-1-2-0-KW-2-4-0-KW-3-2-0-KW.webp",12,12,false],"woocommerce_thumbnail":["https:\/\/www.amecee.com.cn\/wp-content\/uploads\/2025\/09\/Standing-DC-Fast-Charging-1-2-0-KW-2-4-0-KW-3-2-0-KW-600x600.webp",600,600,true],"woocommerce_single":["https:\/\/www.amecee.com.cn\/wp-content\/uploads\/2025\/09\/Standing-DC-Fast-Charging-1-2-0-KW-2-4-0-KW-3-2-0-KW.webp",1000,1000,false],"woocommerce_gallery_thumbnail":["https:\/\/www.amecee.com.cn\/wp-content\/uploads\/2025\/09\/Standing-DC-Fast-Charging-1-2-0-KW-2-4-0-KW-3-2-0-KW-100x100.webp",100,100,true]},"uagb_author_info":{"display_name":"qunhe","author_link":"https:\/\/www.amecee.com.cn\/fr\/author\/"},"uagb_comment_info":0,"uagb_excerpt":"Efficient, intelligent, and multi-vehicle compatible modular fast-charging system This charging system is designed to meet fast-charging needs across a wide range of vehicles, from passenger cars to large buses, supporting a full voltage range up to 1000V. Its modular architecture enables intelligent power distribution for simultaneous multi-connector charging while dynamically adjusting cooling to ensure quiet\u2026","_links":{"self":[{"href":"https:\/\/www.amecee.com.cn\/fr\/wp-json\/wp\/v2\/product\/4137","targetHints":{"allow":["GET"]}}],"collection":[{"href":"https:\/\/www.amecee.com.cn\/fr\/wp-json\/wp\/v2\/product"}],"about":[{"href":"https:\/\/www.amecee.com.cn\/fr\/wp-json\/wp\/v2\/types\/product"}],"wp:featuredmedia":[{"embeddable":true,"href":"https:\/\/www.amecee.com.cn\/fr\/wp-json\/wp\/v2\/media\/3554"}],"wp:attachment":[{"href":"https:\/\/www.amecee.com.cn\/fr\/wp-json\/wp\/v2\/media?parent=4137"}],"wp:term":[{"taxonomy":"product_brand","embeddable":true,"href":"https:\/\/www.amecee.com.cn\/fr\/wp-json\/wp\/v2\/product_brand?post=4137"},{"taxonomy":"product_cat","embeddable":true,"href":"https:\/\/www.amecee.com.cn\/fr\/wp-json\/wp\/v2\/product_cat?post=4137"},{"taxonomy":"product_tag","embeddable":true,"href":"https:\/\/www.amecee.com.cn\/fr\/wp-json\/wp\/v2\/product_tag?post=4137"}],"curies":[{"name":"wp","href":"https:\/\/api.w.org\/{rel}","templated":true}]}}