{"id":2509,"date":"2025-05-26T02:18:19","date_gmt":"2025-05-26T02:18:19","guid":{"rendered":"https:\/\/amecee.com\/?page_id=2509"},"modified":"2026-01-19T09:30:19","modified_gmt":"2026-01-19T09:30:19","slug":"solutions","status":"publish","type":"page","link":"https:\/\/www.amecee.com.cn\/fr\/solutions\/","title":{"rendered":"Solutions"},"content":{"rendered":"<div class=\"wp-block-uagb-container uagb-block-8149ecf1 alignfull uagb-is-root-container\"><div class=\"uagb-container-inner-blocks-wrap\">\n<div class=\"wp-block-uagb-advanced-heading uagb-block-d46daa6b\"><h1 class=\"uagb-heading-text\">Solutions<\/h1><\/div>\n\n\n\n<div class=\"wp-block-uagb-advanced-heading uagb-block-8f76349b\"><h3 class=\"uagb-heading-text\"><strong>Pr\u00eat \u00e0 alimenter votre infrastructure de v\u00e9hicules \u00e9lectriques ?<\/strong><br>Prenez contact avec nous pour obtenir une solution de recharge personnalis\u00e9e adapt\u00e9e \u00e0 vos besoins.<\/h3><\/div>\n\n\n\n<div class=\"wp-block-uagb-container uagb-block-95dd9df0\">\n\t\t\t<div class=\"wp-block-uagb-post-grid uagb-post-grid  uagb-post__image-position-top uagb-post__image-enabled uagb-block-2bd658f0     uagb-post__items uagb-post__columns-3 is-grid uagb-post__columns-tablet-2 uagb-post__columns-mobile-1 uagb-post__equal-height\" data-total=\"1\" style=\"\">\n\n\t\t\t\t\t\t\t\t\t\t\t\t<article class=\"uagb-post__inner-wrap\">\t\t\t\t\t\t\t\t<div class='uagb-post__image'>\n\t\t\t\t\t\t\t\t\t<a href=\"https:\/\/www.amecee.com.cn\/fr\/eosvolt\/\" target=\"_self\" rel=\"bookmark noopener noreferrer\" class='uagb-image-ratio-inherit'><img loading=\"lazy\" decoding=\"async\" width=\"1024\" height=\"576\" src=\"https:\/\/www.amecee.com.cn\/wp-content\/uploads\/2025\/05\/EOSVOLT-1024x576.webp\" class=\"attachment-large size-large\" alt=\"\" srcset=\"https:\/\/www.amecee.com.cn\/wp-content\/uploads\/2025\/05\/EOSVOLT-1024x576.webp 1024w, https:\/\/www.amecee.com.cn\/wp-content\/uploads\/2025\/05\/EOSVOLT-1000x563.webp 1000w, https:\/\/www.amecee.com.cn\/wp-content\/uploads\/2025\/05\/EOSVOLT-300x169.webp 300w, https:\/\/www.amecee.com.cn\/wp-content\/uploads\/2025\/05\/EOSVOLT-768x432.webp 768w, https:\/\/www.amecee.com.cn\/wp-content\/uploads\/2025\/05\/EOSVOLT-1536x864.webp 1536w, https:\/\/www.amecee.com.cn\/wp-content\/uploads\/2025\/05\/EOSVOLT.webp 1920w\" sizes=\"auto, (max-width: 1024px) 100vw, 1024px\" \/>\t\t\t\t\t<\/a>\n\t\t\t\t\t\t\t<\/div>\n\t\t\t\t\t\t<h4 class=\"uagb-post__title uagb-post__text\">\n\t\t\t\t<a href=\"https:\/\/www.amecee.com.cn\/fr\/eosvolt\/\" target=\"_self\" rel=\"bookmark noopener noreferrer\">EOSVOLT<\/a>\n\t\t\t<\/h4>\n\t\t\t\t\t\t<div class='uagb-post__text uagb-post-grid-byline'>\n\t\t\t\t\t\t\t<\/div>\n\t\t\t\t\t\t\t<div class='uagb-post__text uagb-post__excerpt'>\n\t\t\t\t\t<p>EOSVOLT, bas\u00e9e au Danemark, est sp\u00e9cialis\u00e9e dans le d\u00e9veloppement de logiciels fiables de gestion et de paiement des...\t\t\t\t<\/div>\n\t\t\t\t\t\t<div class=\"uagb-post__text uagb-post__cta wp-block-button\">\n\t\t\t\t<a class=\"wp-block-button__link uagb-text-link\" style=\"\" href=\"https:\/\/www.amecee.com.cn\/fr\/eosvolt\/\" target=\"_self\" rel=\"bookmark noopener noreferrer\">Lire la suite<\/a>\n\t\t\t<\/div>\n\t\t\t\n\t\t\t\t\t\t\t\t\t<\/article>\n\t\t\t\t\t\t\t\t\t\t\t\t\t\t\t\t<article class=\"uagb-post__inner-wrap\">\t\t\t\t\t\t\t\t<div class='uagb-post__image'>\n\t\t\t\t\t\t\t\t\t<a href=\"https:\/\/www.amecee.com.cn\/fr\/systeme-de-gestion-dynamique-de-la-charge\/\" target=\"_self\" rel=\"bookmark noopener noreferrer\" class='uagb-image-ratio-inherit'><img loading=\"lazy\" decoding=\"async\" width=\"1024\" height=\"576\" src=\"https:\/\/www.amecee.com.cn\/wp-content\/uploads\/2025\/05\/Dynamic-Load-Management-System-1024x576.webp\" class=\"attachment-large size-large\" alt=\"\" srcset=\"https:\/\/www.amecee.com.cn\/wp-content\/uploads\/2025\/05\/Dynamic-Load-Management-System-1024x576.webp 1024w, https:\/\/www.amecee.com.cn\/wp-content\/uploads\/2025\/05\/Dynamic-Load-Management-System-1000x563.webp 1000w, https:\/\/www.amecee.com.cn\/wp-content\/uploads\/2025\/05\/Dynamic-Load-Management-System-300x169.webp 300w, https:\/\/www.amecee.com.cn\/wp-content\/uploads\/2025\/05\/Dynamic-Load-Management-System-768x432.webp 768w, https:\/\/www.amecee.com.cn\/wp-content\/uploads\/2025\/05\/Dynamic-Load-Management-System-1536x864.webp 1536w, https:\/\/www.amecee.com.cn\/wp-content\/uploads\/2025\/05\/Dynamic-Load-Management-System.webp 1920w\" sizes=\"auto, (max-width: 1024px) 100vw, 1024px\" \/>\t\t\t\t\t<\/a>\n\t\t\t\t\t\t\t<\/div>\n\t\t\t\t\t\t<h4 class=\"uagb-post__title uagb-post__text\">\n\t\t\t\t<a href=\"https:\/\/www.amecee.com.cn\/fr\/systeme-de-gestion-dynamique-de-la-charge\/\" target=\"_self\" rel=\"bookmark noopener noreferrer\">Syst\u00e8me de gestion dynamique de la charge<\/a>\n\t\t\t<\/h4>\n\t\t\t\t\t\t<div class='uagb-post__text uagb-post-grid-byline'>\n\t\t\t\t\t\t\t<\/div>\n\t\t\t\t\t\t\t<div class='uagb-post__text uagb-post__excerpt'>\n\t\t\t\t\t<p>Sp\u00e9cialement con\u00e7u pour la recharge \u00e0 domicile, le syst\u00e8me innovant DLM vous permet de recharger votre...\t\t\t\t<\/div>\n\t\t\t\t\t\t<div class=\"uagb-post__text uagb-post__cta wp-block-button\">\n\t\t\t\t<a class=\"wp-block-button__link uagb-text-link\" style=\"\" href=\"https:\/\/www.amecee.com.cn\/fr\/systeme-de-gestion-dynamique-de-la-charge\/\" target=\"_self\" rel=\"bookmark noopener noreferrer\">Lire la suite<\/a>\n\t\t\t<\/div>\n\t\t\t\n\t\t\t\t\t\t\t\t\t<\/article>\n\t\t\t\t\t\t\t\t\t\t\t<\/div>\n\t\t\t<\/div>\n<\/div><\/div>\n\n\n\n<div class=\"wp-block-uagb-container uagb-block-b920408a alignfull uagb-is-root-container\"><div class=\"uagb-container-inner-blocks-wrap\">\n<div class=\"wp-block-uagb-container uagb-block-53603e4b\">\n<div class=\"wp-block-uagb-info-box uagb-block-42590f79 uagb-infobox__content-wrap  uagb-infobox-icon-above-title uagb-infobox-image-valign-top wp-block-uagb-info-box--has-margin\"><div class=\"uagb-infobox-margin-wrapper\"><div class=\"uagb-ifb-content\"><div class=\"uagb-ifb-separator\"><\/div><div class=\"uagb-ifb-title-wrap\"><span class=\"uagb-ifb-title-prefix\">Chargement intelligent. Une port\u00e9e mondiale.<\/span><h2 class=\"uagb-ifb-title\">Pr\u00e9sence mondiale<\/h2><\/div><p class=\"uagb-ifb-desc\">Nous nous engageons \u00e0 am\u00e9liorer continuellement nos capacit\u00e9s techniques, \u00e0 d\u00e9velopper efficacement des produits orient\u00e9s vers le march\u00e9 et \u00e0 offrir des services de personnalisation int\u00e9gr\u00e9s pour les logiciels, le mat\u00e9riel et les syst\u00e8mes d'exploitation. En r\u00e9pondant rapidement aux besoins sp\u00e9cifiques des clients - des solutions et des produits \u00e0 la livraison et au service - nous fournissons des produits de recharge de VE de haute qualit\u00e9 et une assistance professionnelle dans le monde entier.<\/p><\/div><\/div><\/div>\n<\/div>\n\n\n\n<figure class=\"wp-block-video\"><video height=\"480\" style=\"aspect-ratio: 854 \/ 480;\" width=\"854\" controls src=\"https:\/\/www.amecee.com.cn\/wp-content\/uploads\/2025\/11\/Guangjiaohui-2025-11-11.mp4\"><\/video><\/figure>\n<\/div><\/div>","protected":false},"excerpt":{"rendered":"<p>Solutions Ready to Power Your EV Infrastructure?Get in touch for a custom charging solution tailored to your needs.<\/p>","protected":false},"author":1,"featured_media":0,"parent":0,"menu_order":0,"comment_status":"closed","ping_status":"closed","template":"","meta":{"_seopress_robots_primary_cat":"","_seopress_titles_title":"","_seopress_titles_desc":"","_seopress_robots_index":"","_uag_custom_page_level_css":"","site-sidebar-layout":"no-sidebar","site-content-layout":"page-builder","ast-site-content-layout":"full-width-container","site-content-style":"unboxed","site-sidebar-style":"unboxed","ast-global-header-display":"","ast-banner-title-visibility":"","ast-main-header-display":"","ast-hfb-above-header-display":"","ast-hfb-below-header-display":"","ast-hfb-mobile-header-display":"","site-post-title":"disabled","ast-breadcrumbs-content":"","ast-featured-img":"","footer-sml-layout":"","ast-disable-related-posts":"","theme-transparent-header-meta":"","adv-header-id-meta":"","stick-header-meta":"","header-above-stick-meta":"","header-main-stick-meta":"","header-below-stick-meta":"","astra-migrate-meta-layouts":"set","ast-page-background-enabled":"default","ast-page-background-meta":{"desktop":{"background-color":"var(--ast-global-color-4)","background-image":"","background-repeat":"repeat","background-position":"center center","background-size":"auto","background-attachment":"scroll","background-type":"","background-media":"","overlay-type":"","overlay-color":"","overlay-opacity":"","overlay-gradient":""},"tablet":{"background-color":"","background-image":"","background-repeat":"repeat","background-position":"center center","background-size":"auto","background-attachment":"scroll","background-type":"","background-media":"","overlay-type":"","overlay-color":"","overlay-opacity":"","overlay-gradient":""},"mobile":{"background-color":"","background-image":"","background-repeat":"repeat","background-position":"center center","background-size":"auto","background-attachment":"scroll","background-type":"","background-media":"","overlay-type":"","overlay-color":"","overlay-opacity":"","overlay-gradient":""}},"ast-content-background-meta":{"desktop":{"background-color":"var(--ast-global-color-5)","background-image":"","background-repeat":"repeat","background-position":"center center","background-size":"auto","background-attachment":"scroll","background-type":"","background-media":"","overlay-type":"","overlay-color":"","overlay-opacity":"","overlay-gradient":""},"tablet":{"background-color":"var(--ast-global-color-5)","background-image":"","background-repeat":"repeat","background-position":"center center","background-size":"auto","background-attachment":"scroll","background-type":"","background-media":"","overlay-type":"","overlay-color":"","overlay-opacity":"","overlay-gradient":""},"mobile":{"background-color":"var(--ast-global-color-5)","background-image":"","background-repeat":"repeat","background-position":"center center","background-size":"auto","background-attachment":"scroll","background-type":"","background-media":"","overlay-type":"","overlay-color":"","overlay-opacity":"","overlay-gradient":""}},"iawp_total_views":139,"footnotes":""},"class_list":["post-2509","page","type-page","status-publish","hentry"],"spectra_custom_meta":{"_customize_changeset_uuid":["5c3c8e5e-bc6e-496e-95f1-8063c4748a58"],"site-sidebar-layout":["no-sidebar"],"site-content-layout":["page-builder"],"site-post-title":["disabled"],"_yoast_wpseo_estimated-reading-time-minutes":["1"],"_yoast_wpseo_content_score":["90"],"astra-main-page-id":["74696"],"ast_self_id_74696":["1"],"ast-site-content-layout":["full-width-container"],"site-content-style":["unboxed"],"site-sidebar-style":["unboxed"],"astra-migrate-meta-layouts":["set"],"_wxr_import_user_slug":["emmanuelm"],"_astra_sites_imported_post":["1"],"_astra_sites_enable_for_batch":["1"],"_edit_lock":["1768815167:1"],"_edit_last":["1"],"_seopress_redirections_type":["301"],"_seopress_redirections_logged_status":["both"],"_seopress_analysis_target_kw":[""],"iawp_total_views":["139"],"_uag_css_file_name":["uag-css-2509.css"]},"uagb_featured_image_src":{"full":false,"thumbnail":false,"medium":false,"medium_large":false,"large":false,"1536x1536":false,"2048x2048":false,"trp-custom-language-flag":false,"woocommerce_thumbnail":false,"woocommerce_single":false,"woocommerce_gallery_thumbnail":false},"uagb_author_info":{"display_name":"qunhe","author_link":"https:\/\/www.amecee.com.cn\/fr\/author\/qunhe\/"},"uagb_comment_info":0,"uagb_excerpt":"Solutions Ready to Power Your EV Infrastructure?Get in touch for a custom charging solution tailored to your needs.","_links":{"self":[{"href":"https:\/\/www.amecee.com.cn\/fr\/wp-json\/wp\/v2\/pages\/2509","targetHints":{"allow":["GET"]}}],"collection":[{"href":"https:\/\/www.amecee.com.cn\/fr\/wp-json\/wp\/v2\/pages"}],"about":[{"href":"https:\/\/www.amecee.com.cn\/fr\/wp-json\/wp\/v2\/types\/page"}],"author":[{"embeddable":true,"href":"https:\/\/www.amecee.com.cn\/fr\/wp-json\/wp\/v2\/users\/1"}],"replies":[{"embeddable":true,"href":"https:\/\/www.amecee.com.cn\/fr\/wp-json\/wp\/v2\/comments?post=2509"}],"version-history":[{"count":12,"href":"https:\/\/www.amecee.com.cn\/fr\/wp-json\/wp\/v2\/pages\/2509\/revisions"}],"predecessor-version":[{"id":4093,"href":"https:\/\/www.amecee.com.cn\/fr\/wp-json\/wp\/v2\/pages\/2509\/revisions\/4093"}],"wp:attachment":[{"href":"https:\/\/www.amecee.com.cn\/fr\/wp-json\/wp\/v2\/media?parent=2509"}],"curies":[{"name":"wp","href":"https:\/\/api.w.org\/{rel}","templated":true}]}}