{"id":4137,"date":"2026-01-31T09:09:12","date_gmt":"2026-01-31T09:09:12","guid":{"rendered":"https:\/\/www.amecee.com.cn\/?post_type=product&#038;p=4137"},"modified":"2026-03-28T07:22:36","modified_gmt":"2026-03-28T07:22:36","slug":"standing-dc-fast-charging-120kw-240kw-320kw-ccs1-3","status":"publish","type":"product","link":"https:\/\/www.amecee.com.cn\/es\/producto\/standing-dc-fast-charging-120kw-240kw-320kw-ccs1-3\/","title":{"rendered":"Carga r\u00e1pida de CC permanente 120KW\/240KW\/320KW CCS1"},"content":{"rendered":"<h3 class=\"pub_title\">Caracter\u00edsticas<\/h3>\n<ul>\n<li>Salida de alto voltaje El voltaje m\u00e1ximo de salida de hasta 1000V, satisfacer las necesidades de diversos tipos de veh\u00edculos cubren coche peque\u00f1o, mediano y gran autob\u00fas.<\/li>\n<li>Alta potencia de salida Carga r\u00e1pida con alta potencia de salida adecuada para grandes aparcamientos, zonas residenciales, centros comerciales.<\/li>\n<li>Distribuci\u00f3n inteligente de la energ\u00eda M\u00faltiples conectores cargando simult\u00e1neamente, se asignan seg\u00fan sea necesario, cada m\u00f3dulo de potencia funciona por s\u00ed mismo, maximizando la utilizaci\u00f3n del m\u00f3dulo.<\/li>\n<li>Caracter\u00edsticas flexibles Terminal de punto de venta integrado y estructura de suspensi\u00f3n de cables opcionales.<\/li>\n<li>Dise\u00f1o inteligente de disipaci\u00f3n de calor Dise\u00f1o modular de disipaci\u00f3n de calor, funcionamiento independiente, el ventilador funciona en funci\u00f3n de las condiciones de trabajo de la estaci\u00f3n, baja contaminaci\u00f3n ac\u00fastica.<\/li>\n<li>Combinaci\u00f3n de puertos de carga multiest\u00e1ndar CCS2, CHAdeMO, GB\/T, CCS1 combinables y personalizables.<\/li>\n<\/ul>\n<h3 class=\"pub_title\">Par\u00e1metros<\/h3>\n<table class=\"pro_table\" width=\"100%\">\n<tbody>\n<tr class=\"trbj\">\n<td colspan=\"5\">Especificaci\u00f3n<\/td>\n<\/tr>\n<tr>\n<td>Modelo<\/td>\n<td><\/td>\n<td>HS_FDC_120<\/td>\n<td>HS_FDC_240<\/td>\n<td>HS_FDC_320<\/td>\n<\/tr>\n<tr class=\"trbj\">\n<td colspan=\"5\">Propiedades el\u00e9ctricas<\/td>\n<\/tr>\n<tr>\n<td rowspan=\"6\">Entrada CA<\/td>\n<td>Valor de entrada<\/td>\n<td>CA 480V\u00b115% 3ph<\/td>\n<td>AC 480V\u00b1d15% 3ph<\/td>\n<td>CA 480V\u00b115% 3ph<\/td>\n<\/tr>\n<tr>\n<td>Conexi\u00f3n de entrada de CA<\/td>\n<td>3P+N+PE<\/td>\n<td>3P+N+PE<\/td>\n<td>3P+N+PE<\/td>\n<\/tr>\n<tr>\n<td>Corriente de entrada de CA<\/td>\n<td>Max 169A<\/td>\n<td>Max 339A<\/td>\n<td>Max 452A<\/td>\n<\/tr>\n<tr>\n<td>Frecuencia<\/td>\n<td>50\/60 Hz<\/td>\n<td>50\/60 Hz<\/td>\n<td>50\/60 Hz<\/td>\n<\/tr>\n<tr>\n<td>Factor de potencia<\/td>\n<td>\u22650.99<\/td>\n<td>\u22650.99<\/td>\n<td>\u22650.99<\/td>\n<\/tr>\n<tr>\n<td>Eficacia<\/td>\n<td>\u226595%<\/td>\n<td>\u226595%<\/td>\n<td>\u226595%<\/td>\n<\/tr>\n<tr>\n<td rowspan=\"5\">Salida CC<\/td>\n<td>Rango de tensi\u00f3n de salida<\/td>\n<td>DC200-1000V<\/td>\n<td>DC200-1000V<\/td>\n<td>DC200-1000V<\/td>\n<\/tr>\n<tr>\n<td>Corriente de salida m\u00e1x.<\/td>\n<td>250A(sistema)<\/td>\n<td>250A(sistema)<\/td>\n<td>250A(sistema)<\/td>\n<\/tr>\n<tr>\n<td>Potencia m\u00e1xima de salida<\/td>\n<td>DC120KW<\/td>\n<td>DC240KW<\/td>\n<td>DC320KW<\/td>\n<\/tr>\n<tr>\n<td>Precisi\u00f3n de tensi\u00f3n<\/td>\n<td>\u2264\u00b10,5%<\/td>\n<td>\u2264\u00b10,5%<\/td>\n<td>\u2264\u00b10,5%<\/td>\n<\/tr>\n<tr>\n<td>Precisi\u00f3n actual<\/td>\n<td>\u2264\u00b11%<\/td>\n<td>\u2264\u00b11%<\/td>\n<td>\u2264\u00b11%<\/td>\n<\/tr>\n<tr class=\"trbj\">\n<td colspan=\"5\">Interfaz de usuario y control<\/td>\n<\/tr>\n<tr>\n<td colspan=\"2\">Bot\u00f3n de parada de emergencia<\/td>\n<td colspan=\"3\">S\u00ed<\/td>\n<\/tr>\n<tr>\n<td colspan=\"2\">Mostrar<\/td>\n<td colspan=\"3\">LCD de 21,5\u201d + pantalla t\u00e1ctil LCD de 7<\/td>\n<\/tr>\n<tr>\n<td colspan=\"2\">Autenticaci\u00f3n de usuarios<\/td>\n<td colspan=\"3\">RFID , OCPP , C\u00f3digo QR, Pasaporte, Aplicaci\u00f3n<\/td>\n<\/tr>\n<tr>\n<td colspan=\"2\">Idioma de apoyo<\/td>\n<td colspan=\"3\">Ingl\u00e9s u otros idiomas disponibles previa petici\u00f3n<\/td>\n<\/tr>\n<tr class=\"trbj\">\n<td colspan=\"5\">Comunicaci\u00f3n<\/td>\n<\/tr>\n<tr>\n<td colspan=\"2\">Exterior<\/td>\n<td colspan=\"3\">Ethernet, Wifi<\/td>\n<\/tr>\n<tr>\n<td colspan=\"2\">Interno<\/td>\n<td colspan=\"3\">CAN , RS485, RS232<\/td>\n<\/tr>\n<tr class=\"trbj\">\n<td colspan=\"5\">Medio ambiente<\/td>\n<\/tr>\n<tr>\n<td colspan=\"2\">Temperatura de funcionamiento<\/td>\n<td colspan=\"3\">\u2018-40 \u2103 ~ +50 \u2103<\/td>\n<\/tr>\n<tr>\n<td colspan=\"2\">Humedad<\/td>\n<td colspan=\"3\">&lt;95% humedad relativa , sin condensaci\u00f3n<\/td>\n<\/tr>\n<tr>\n<td colspan=\"2\">Altitud<\/td>\n<td colspan=\"3\">\u22642000m(6000 pies)<\/td>\n<\/tr>\n<tr class=\"trbj\">\n<td colspan=\"5\">Mec\u00e1nica<\/td>\n<\/tr>\n<tr>\n<td colspan=\"2\">Protecci\u00f3n contra la penetraci\u00f3n<\/td>\n<td colspan=\"3\">IP54<\/td>\n<\/tr>\n<tr>\n<td colspan=\"2\">Protecci\u00f3n del recinto<\/td>\n<td colspan=\"3\">IK10<\/td>\n<\/tr>\n<tr>\n<td colspan=\"2\">Refrigeraci\u00f3n<\/td>\n<td colspan=\"3\">Aire forzado<\/td>\n<\/tr>\n<tr>\n<td colspan=\"2\">M\u00e9todo de instalaci\u00f3n<\/td>\n<td colspan=\"3\">Tipo de suelo<\/td>\n<\/tr>\n<tr>\n<td colspan=\"2\">Protecci\u00f3n<\/td>\n<td colspan=\"3\">Sobreintensidad, Subtensi\u00f3n, Sobretensi\u00f3n, Corriente residual, Protecci\u00f3n contra sobretensiones Cortocircuito, Sobretemperatura, Fallo a tierra<\/td>\n<\/tr>\n<tr>\n<td colspan=\"2\">Pasarela de red<\/td>\n<td colspan=\"3\">4G<\/td>\n<\/tr>\n<tr>\n<td colspan=\"2\">Forma de pago<\/td>\n<td colspan=\"3\">SCAN , M\u00e1quina POS<\/td>\n<\/tr>\n<tr class=\"trbj\">\n<td colspan=\"5\">Detalles del embalaje<\/td>\n<\/tr>\n<tr>\n<td colspan=\"2\">Dimensiones del producto<\/td>\n<td>204.5*95*87cm<\/td>\n<td>204.5*95*87cm<\/td>\n<td>204.5*95*87cm<\/td>\n<\/tr>\n<tr>\n<td colspan=\"2\">Peso del producto<\/td>\n<td>257Kg<\/td>\n<td>310Kg<\/td>\n<td>370Kg<\/td>\n<\/tr>\n<\/tbody>\n<\/table>","protected":false},"excerpt":{"rendered":"<p><strong>Sistema modular de carga r\u00e1pida eficiente, inteligente y compatible con varios veh\u00edculos<\/strong><\/p>\n<p class=\"p1\">Este sistema de carga est\u00e1 dise\u00f1ado para satisfacer las necesidades de carga r\u00e1pida de una amplia gama de veh\u00edculos, desde turismos hasta grandes autobuses, y admite una gama completa de tensiones de hasta 1.000 V. Su arquitectura modular permite una distribuci\u00f3n inteligente de la energ\u00eda para la carga simult\u00e1nea de varios conectores, al tiempo que ajusta din\u00e1micamente la refrigeraci\u00f3n para garantizar un funcionamiento silencioso y eficiente.<\/p>\n<p class=\"p1\">Funciones opcionales como un terminal de punto de venta integrado y la suspensi\u00f3n por cable mejoran la experiencia del usuario y la flexibilidad de la instalaci\u00f3n. Compatible con m\u00faltiples est\u00e1ndares de carga mundiales, es ideal para ubicaciones de alto tr\u00e1fico como aparcamientos, comunidades residenciales y centros comerciales, lo que permite a los operadores crear redes de carga fiables, eficientes y f\u00e1ciles de usar.<\/p>","protected":false},"featured_media":3554,"template":"","meta":{"_seopress_robots_primary_cat":"none","_seopress_titles_title":"","_seopress_titles_desc":"","_seopress_robots_index":"","_uag_custom_page_level_css":"","site-sidebar-layout":"default","site-content-layout":"","ast-site-content-layout":"default","site-content-style":"default","site-sidebar-style":"default","ast-global-header-display":"","ast-banner-title-visibility":"","ast-main-header-display":"","ast-hfb-above-header-display":"","ast-hfb-below-header-display":"","ast-hfb-mobile-header-display":"","site-post-title":"","ast-breadcrumbs-content":"","ast-featured-img":"","footer-sml-layout":"","ast-disable-related-posts":"","theme-transparent-header-meta":"default","adv-header-id-meta":"","stick-header-meta":"default","header-above-stick-meta":"","header-main-stick-meta":"","header-below-stick-meta":"","astra-migrate-meta-layouts":"set","ast-page-background-enabled":"default","ast-page-background-meta":{"desktop":{"background-color":"var(--ast-global-color-4)","background-image":"","background-repeat":"repeat","background-position":"center center","background-size":"auto","background-attachment":"scroll","background-type":"","background-media":"","overlay-type":"","overlay-color":"","overlay-opacity":"","overlay-gradient":""},"tablet":{"background-color":"","background-image":"","background-repeat":"repeat","background-position":"center center","background-size":"auto","background-attachment":"scroll","background-type":"","background-media":"","overlay-type":"","overlay-color":"","overlay-opacity":"","overlay-gradient":""},"mobile":{"background-color":"","background-image":"","background-repeat":"repeat","background-position":"center center","background-size":"auto","background-attachment":"scroll","background-type":"","background-media":"","overlay-type":"","overlay-color":"","overlay-opacity":"","overlay-gradient":""}},"ast-content-background-meta":{"desktop":{"background-color":"var(--ast-global-color-5)","background-image":"","background-repeat":"repeat","background-position":"center center","background-size":"auto","background-attachment":"scroll","background-type":"","background-media":"","overlay-type":"","overlay-color":"","overlay-opacity":"","overlay-gradient":""},"tablet":{"background-color":"var(--ast-global-color-5)","background-image":"","background-repeat":"repeat","background-position":"center center","background-size":"auto","background-attachment":"scroll","background-type":"","background-media":"","overlay-type":"","overlay-color":"","overlay-opacity":"","overlay-gradient":""},"mobile":{"background-color":"var(--ast-global-color-5)","background-image":"","background-repeat":"repeat","background-position":"center center","background-size":"auto","background-attachment":"scroll","background-type":"","background-media":"","overlay-type":"","overlay-color":"","overlay-opacity":"","overlay-gradient":""}},"iawp_total_views":13},"product_brand":[51],"product_cat":[57],"product_tag":[],"class_list":{"0":"post-4137","1":"product","2":"type-product","3":"status-publish","4":"has-post-thumbnail","6":"product_brand-dc-ccs1","7":"product_cat-dc-floor-ev-charger-ccs1","8":"desktop-align-left","9":"tablet-align-left","10":"mobile-align-left","11":"ast-product-gallery-layout-horizontal-slider","12":"ast-product-gallery-with-no-image","13":"ast-magnify-disabled","14":"ast-product-tabs-layout-horizontal","16":"first","17":"instock","18":"featured","19":"shipping-taxable","20":"product-type-simple"},"spectra_custom_meta":{"total_sales":["0"],"_tax_status":["taxable"],"_tax_class":[""],"_manage_stock":["no"],"_backorders":["no"],"_sold_individually":["no"],"_virtual":["no"],"_downloadable":["no"],"_download_limit":["-1"],"_download_expiry":["-1"],"_thumbnail_id":["3554"],"_stock":[null],"_stock_status":["instock"],"_wc_average_rating":["0"],"_wc_review_count":["0"],"_product_version":["10.6.1"],"_seopress_redirections_type":["301"],"_seopress_redirections_logged_status":["both"],"_seopress_analysis_target_kw":[""],"site-sidebar-layout":["default"],"ast-site-content-layout":["default"],"site-content-style":["default"],"site-sidebar-style":["default"],"theme-transparent-header-meta":["default"],"stick-header-meta":["default"],"_seopress_robots_primary_cat":["none"],"_wp_old_date":["2025-09-22"],"iawp_total_views":["13"],"_edit_lock":["1774682422:2"],"_edit_last":["2"],"astra-migrate-meta-layouts":["set"],"_uag_css_file_name":["uag-css-4137.css"]},"uagb_featured_image_src":{"full":["https:\/\/www.amecee.com.cn\/wp-content\/uploads\/2025\/09\/Standing-DC-Fast-Charging-1-2-0-KW-2-4-0-KW-3-2-0-KW.webp",1000,1000,false],"thumbnail":["https:\/\/www.amecee.com.cn\/wp-content\/uploads\/2025\/09\/Standing-DC-Fast-Charging-1-2-0-KW-2-4-0-KW-3-2-0-KW-150x150.webp",150,150,true],"medium":["https:\/\/www.amecee.com.cn\/wp-content\/uploads\/2025\/09\/Standing-DC-Fast-Charging-1-2-0-KW-2-4-0-KW-3-2-0-KW-300x300.webp",300,300,true],"medium_large":["https:\/\/www.amecee.com.cn\/wp-content\/uploads\/2025\/09\/Standing-DC-Fast-Charging-1-2-0-KW-2-4-0-KW-3-2-0-KW-768x768.webp",768,768,true],"large":["https:\/\/www.amecee.com.cn\/wp-content\/uploads\/2025\/09\/Standing-DC-Fast-Charging-1-2-0-KW-2-4-0-KW-3-2-0-KW.webp",1000,1000,false],"1536x1536":["https:\/\/www.amecee.com.cn\/wp-content\/uploads\/2025\/09\/Standing-DC-Fast-Charging-1-2-0-KW-2-4-0-KW-3-2-0-KW.webp",1000,1000,false],"2048x2048":["https:\/\/www.amecee.com.cn\/wp-content\/uploads\/2025\/09\/Standing-DC-Fast-Charging-1-2-0-KW-2-4-0-KW-3-2-0-KW.webp",1000,1000,false],"trp-custom-language-flag":["https:\/\/www.amecee.com.cn\/wp-content\/uploads\/2025\/09\/Standing-DC-Fast-Charging-1-2-0-KW-2-4-0-KW-3-2-0-KW.webp",12,12,false],"woocommerce_thumbnail":["https:\/\/www.amecee.com.cn\/wp-content\/uploads\/2025\/09\/Standing-DC-Fast-Charging-1-2-0-KW-2-4-0-KW-3-2-0-KW-600x600.webp",600,600,true],"woocommerce_single":["https:\/\/www.amecee.com.cn\/wp-content\/uploads\/2025\/09\/Standing-DC-Fast-Charging-1-2-0-KW-2-4-0-KW-3-2-0-KW.webp",1000,1000,false],"woocommerce_gallery_thumbnail":["https:\/\/www.amecee.com.cn\/wp-content\/uploads\/2025\/09\/Standing-DC-Fast-Charging-1-2-0-KW-2-4-0-KW-3-2-0-KW-100x100.webp",100,100,true]},"uagb_author_info":{"display_name":"qunhe","author_link":"https:\/\/www.amecee.com.cn\/es\/author\/"},"uagb_comment_info":0,"uagb_excerpt":"Efficient, intelligent, and multi-vehicle compatible modular fast-charging system This charging system is designed to meet fast-charging needs across a wide range of vehicles, from passenger cars to large buses, supporting a full voltage range up to 1000V. Its modular architecture enables intelligent power distribution for simultaneous multi-connector charging while dynamically adjusting cooling to ensure quiet&hellip;","_links":{"self":[{"href":"https:\/\/www.amecee.com.cn\/es\/wp-json\/wp\/v2\/product\/4137","targetHints":{"allow":["GET"]}}],"collection":[{"href":"https:\/\/www.amecee.com.cn\/es\/wp-json\/wp\/v2\/product"}],"about":[{"href":"https:\/\/www.amecee.com.cn\/es\/wp-json\/wp\/v2\/types\/product"}],"wp:featuredmedia":[{"embeddable":true,"href":"https:\/\/www.amecee.com.cn\/es\/wp-json\/wp\/v2\/media\/3554"}],"wp:attachment":[{"href":"https:\/\/www.amecee.com.cn\/es\/wp-json\/wp\/v2\/media?parent=4137"}],"wp:term":[{"taxonomy":"product_brand","embeddable":true,"href":"https:\/\/www.amecee.com.cn\/es\/wp-json\/wp\/v2\/product_brand?post=4137"},{"taxonomy":"product_cat","embeddable":true,"href":"https:\/\/www.amecee.com.cn\/es\/wp-json\/wp\/v2\/product_cat?post=4137"},{"taxonomy":"product_tag","embeddable":true,"href":"https:\/\/www.amecee.com.cn\/es\/wp-json\/wp\/v2\/product_tag?post=4137"}],"curies":[{"name":"wp","href":"https:\/\/api.w.org\/{rel}","templated":true}]}}