{"id":4137,"date":"2026-01-31T09:09:12","date_gmt":"2026-01-31T09:09:12","guid":{"rendered":"https:\/\/www.amecee.com.cn\/?post_type=product&#038;p=4137"},"modified":"2026-03-28T07:22:36","modified_gmt":"2026-03-28T07:22:36","slug":"stehende-gleichstromschnellladung-120kw-240kw-320kw-ccs1-3","status":"publish","type":"product","link":"https:\/\/www.amecee.com.cn\/de\/produkt\/stehende-gleichstromschnellladung-120kw-240kw-320kw-ccs1-3\/","title":{"rendered":"Stehende DC-Schnellaufladung 120KW\/240KW\/320KW CCS1"},"content":{"rendered":"<h3 class=\"pub_title\">Eigenschaften<\/h3>\n<ul>\n<li>Hochspannungsausgang Die maximale Ausgangsspannung von bis zu 1000 V erf\u00fcllt die Anforderungen verschiedener Fahrzeugtypen wie Kleinwagen, mittelgro\u00dfe und gro\u00dfe Busse.<\/li>\n<li>Hohe Ausgangsleistung Schnelles Laden mit hoher Ausgangsleistung, geeignet f\u00fcr gro\u00dfe Parkpl\u00e4tze, Wohngebiete und Einkaufszentren.<\/li>\n<li>Intelligente Stromverteilung Mehrere Kon- zepte laden gleichzeitig und teilen sich je nach Bedarf auf, jedes Leistungsmodul arbeitet selbstst\u00e4ndig und maximiert so die Auslastung der Module.<\/li>\n<li>Flexible Funktionen Integriertes POS-Terminal und Kabelaufh\u00e4ngung als Option.<\/li>\n<li>Intelligentes W\u00e4rmeableitungsdesign Modulares W\u00e4rmeableitungsdesign, unabh\u00e4ngiger Betrieb, der L\u00fcfter arbeitet je nach Betriebszustand der Station, geringe L\u00e4rmbel\u00e4stigung.<\/li>\n<li>Multistandard-Ladeanschlusskombination CCS2, CHAdeMO, GB\/T, CCS1 kann kombiniert und angepasst werden.<\/li>\n<\/ul>\n<h3 class=\"pub_title\">Parameter<\/h3>\n<table class=\"pro_table\" width=\"100%\">\n<tbody>\n<tr class=\"trbj\">\n<td colspan=\"5\">Spezifikation<\/td>\n<\/tr>\n<tr>\n<td>Modell<\/td>\n<td><\/td>\n<td>HS_FDC_120<\/td>\n<td>HS_FDC_240<\/td>\n<td>HS_FDC_320<\/td>\n<\/tr>\n<tr class=\"trbj\">\n<td colspan=\"5\">Elektrische Eigenschaften<\/td>\n<\/tr>\n<tr>\n<td rowspan=\"6\">AC-Eingang<\/td>\n<td>Eingangsleistung<\/td>\n<td>AC 480V\u00b115% 3ph<\/td>\n<td>AC 480V\u00b1d15% 3ph<\/td>\n<td>AC 480V\u00b115% 3ph<\/td>\n<\/tr>\n<tr>\n<td>AC-Eingangsanschluss<\/td>\n<td>3P+N+PE<\/td>\n<td>3P+N+PE<\/td>\n<td>3P+N+PE<\/td>\n<\/tr>\n<tr>\n<td>AC-Eingangsstrom<\/td>\n<td>Max 169A<\/td>\n<td>Max 339A<\/td>\n<td>Max 452A<\/td>\n<\/tr>\n<tr>\n<td>Frequenz<\/td>\n<td>50\/60Hz<\/td>\n<td>50\/60Hz<\/td>\n<td>50\/60Hz<\/td>\n<\/tr>\n<tr>\n<td>Leistungsfaktor<\/td>\n<td>\u22650.99<\/td>\n<td>\u22650.99<\/td>\n<td>\u22650.99<\/td>\n<\/tr>\n<tr>\n<td>Wirkungsgrad<\/td>\n<td>\u226595%<\/td>\n<td>\u226595%<\/td>\n<td>\u226595%<\/td>\n<\/tr>\n<tr>\n<td rowspan=\"5\">DC-Ausgang<\/td>\n<td>Ausgangsspannungsbereich<\/td>\n<td>DC200-1000V<\/td>\n<td>DC200-1000V<\/td>\n<td>DC200-1000V<\/td>\n<\/tr>\n<tr>\n<td>Max. Ausgangsstrom<\/td>\n<td>250A(System)<\/td>\n<td>250A(System)<\/td>\n<td>250A(System)<\/td>\n<\/tr>\n<tr>\n<td>Max. Ausgangsleistung<\/td>\n<td>DC120KW<\/td>\n<td>DC240KW<\/td>\n<td>DC320KW<\/td>\n<\/tr>\n<tr>\n<td>Spannungsgenauigkeit<\/td>\n<td>\u2264\u00b10,5%<\/td>\n<td>\u2264\u00b10,5%<\/td>\n<td>\u2264\u00b10,5%<\/td>\n<\/tr>\n<tr>\n<td>Stromgenauigkeit<\/td>\n<td>\u2264\u00b11%<\/td>\n<td>\u2264\u00b11%<\/td>\n<td>\u2264\u00b11%<\/td>\n<\/tr>\n<tr class=\"trbj\">\n<td colspan=\"5\">Benutzerinteraktion und Kontrolle<\/td>\n<\/tr>\n<tr>\n<td colspan=\"2\">Not-Aus-Taster<\/td>\n<td colspan=\"3\">Ja<\/td>\n<\/tr>\n<tr>\n<td colspan=\"2\">Anzeige<\/td>\n<td colspan=\"3\">21,5\u201d LCD +7\u201d LCD Touchscreen<\/td>\n<\/tr>\n<tr>\n<td colspan=\"2\">Benutzerauthentifizierung<\/td>\n<td colspan=\"3\">RFID , OCPP , QR Code, Reisepass, Anwendung<\/td>\n<\/tr>\n<tr>\n<td colspan=\"2\">Sprache unterst\u00fctzen<\/td>\n<td colspan=\"3\">Englisch oder andere Sprachen sind auf Anfrage erh\u00e4ltlich<\/td>\n<\/tr>\n<tr class=\"trbj\">\n<td colspan=\"5\">Kommunikation<\/td>\n<\/tr>\n<tr>\n<td colspan=\"2\">Extern<\/td>\n<td colspan=\"3\">Ethernet, Wifi<\/td>\n<\/tr>\n<tr>\n<td colspan=\"2\">Intern<\/td>\n<td colspan=\"3\">KANN, RS485, RS232<\/td>\n<\/tr>\n<tr class=\"trbj\">\n<td colspan=\"5\">Umwelt<\/td>\n<\/tr>\n<tr>\n<td colspan=\"2\">Betriebstemperatur<\/td>\n<td colspan=\"3\">&#8216;-40 \u2103 ~ +50 \u2103<\/td>\n<\/tr>\n<tr>\n<td colspan=\"2\">Luftfeuchtigkeit<\/td>\n<td colspan=\"3\">&lt;95% relative Luftfeuchtigkeit, nicht kondensierend<\/td>\n<\/tr>\n<tr>\n<td colspan=\"2\">H\u00f6henlage<\/td>\n<td colspan=\"3\">\u22642000m(6000 Fu\u00df)<\/td>\n<\/tr>\n<tr class=\"trbj\">\n<td colspan=\"5\">Mechanisch<\/td>\n<\/tr>\n<tr>\n<td colspan=\"2\">Schutz gegen Eindringen<\/td>\n<td colspan=\"3\">IP54<\/td>\n<\/tr>\n<tr>\n<td colspan=\"2\">Schutz des Geh\u00e4uses<\/td>\n<td colspan=\"3\">IK10<\/td>\n<\/tr>\n<tr>\n<td colspan=\"2\">K\u00fchlung<\/td>\n<td colspan=\"3\">Luftgek\u00fchlt<\/td>\n<\/tr>\n<tr>\n<td colspan=\"2\">Einbauverfahren<\/td>\n<td colspan=\"3\">Boden Typ<\/td>\n<\/tr>\n<tr>\n<td colspan=\"2\">Schutz<\/td>\n<td colspan=\"3\">\u00dcberstrom, Unterspannung, \u00dcberspannung, Fehlerstrom, \u00dcberspannungsschutz, Kurzschluss, \u00dcbertemperatur, Erdschluss<\/td>\n<\/tr>\n<tr>\n<td colspan=\"2\">Netzwerk-Gateway<\/td>\n<td colspan=\"3\">4G<\/td>\n<\/tr>\n<tr>\n<td colspan=\"2\">Zahlungsmethode<\/td>\n<td colspan=\"3\">SCAN , POS-Maschine<\/td>\n<\/tr>\n<tr class=\"trbj\">\n<td colspan=\"5\">Details zur Verpackung<\/td>\n<\/tr>\n<tr>\n<td colspan=\"2\">Produkt Dimension<\/td>\n<td>204.5*95*87cm<\/td>\n<td>204.5*95*87cm<\/td>\n<td>204.5*95*87cm<\/td>\n<\/tr>\n<tr>\n<td colspan=\"2\">Produkt Gewicht<\/td>\n<td>257Kg<\/td>\n<td>310Kg<\/td>\n<td>370Kg<\/td>\n<\/tr>\n<\/tbody>\n<\/table>","protected":false},"excerpt":{"rendered":"<p><strong>Effizientes, intelligentes und mit mehreren Fahrzeugen kompatibles modulares Schnellladesystem<\/strong><\/p>\n<p class=\"p1\">Dieses Ladesystem ist f\u00fcr den Schnellladebedarf eines breiten Spektrums von Fahrzeugen - von Pkw bis hin zu gro\u00dfen Bussen - ausgelegt und unterst\u00fctzt einen Spannungsbereich von bis zu 1000 V. Seine modulare Architektur erm\u00f6glicht eine intelligente Stromverteilung f\u00fcr das gleichzeitige Laden mit mehreren Anschl\u00fcssen, w\u00e4hrend die K\u00fchlung dynamisch angepasst wird, um einen leisen und effizienten Betrieb zu gew\u00e4hrleisten.<\/p>\n<p class=\"p1\">Optionale Funktionen wie ein integriertes POS-Terminal und eine Kabelaufh\u00e4ngung verbessern die Benutzerfreundlichkeit und Installationsflexibilit\u00e4t. Durch die Unterst\u00fctzung mehrerer globaler Ladestandards ist sie ideal f\u00fcr stark frequentierte Standorte wie Parkpl\u00e4tze, Wohngebiete und Einkaufszentren geeignet und erm\u00f6glicht Betreibern den Aufbau zuverl\u00e4ssiger, effizienter und benutzerfreundlicher Ladenetzwerke.<\/p>","protected":false},"featured_media":3554,"template":"","meta":{"_seopress_robots_primary_cat":"none","_seopress_titles_title":"","_seopress_titles_desc":"","_seopress_robots_index":"","_uag_custom_page_level_css":"","site-sidebar-layout":"default","site-content-layout":"","ast-site-content-layout":"default","site-content-style":"default","site-sidebar-style":"default","ast-global-header-display":"","ast-banner-title-visibility":"","ast-main-header-display":"","ast-hfb-above-header-display":"","ast-hfb-below-header-display":"","ast-hfb-mobile-header-display":"","site-post-title":"","ast-breadcrumbs-content":"","ast-featured-img":"","footer-sml-layout":"","ast-disable-related-posts":"","theme-transparent-header-meta":"default","adv-header-id-meta":"","stick-header-meta":"default","header-above-stick-meta":"","header-main-stick-meta":"","header-below-stick-meta":"","astra-migrate-meta-layouts":"set","ast-page-background-enabled":"default","ast-page-background-meta":{"desktop":{"background-color":"var(--ast-global-color-4)","background-image":"","background-repeat":"repeat","background-position":"center center","background-size":"auto","background-attachment":"scroll","background-type":"","background-media":"","overlay-type":"","overlay-color":"","overlay-opacity":"","overlay-gradient":""},"tablet":{"background-color":"","background-image":"","background-repeat":"repeat","background-position":"center center","background-size":"auto","background-attachment":"scroll","background-type":"","background-media":"","overlay-type":"","overlay-color":"","overlay-opacity":"","overlay-gradient":""},"mobile":{"background-color":"","background-image":"","background-repeat":"repeat","background-position":"center center","background-size":"auto","background-attachment":"scroll","background-type":"","background-media":"","overlay-type":"","overlay-color":"","overlay-opacity":"","overlay-gradient":""}},"ast-content-background-meta":{"desktop":{"background-color":"var(--ast-global-color-5)","background-image":"","background-repeat":"repeat","background-position":"center center","background-size":"auto","background-attachment":"scroll","background-type":"","background-media":"","overlay-type":"","overlay-color":"","overlay-opacity":"","overlay-gradient":""},"tablet":{"background-color":"var(--ast-global-color-5)","background-image":"","background-repeat":"repeat","background-position":"center center","background-size":"auto","background-attachment":"scroll","background-type":"","background-media":"","overlay-type":"","overlay-color":"","overlay-opacity":"","overlay-gradient":""},"mobile":{"background-color":"var(--ast-global-color-5)","background-image":"","background-repeat":"repeat","background-position":"center center","background-size":"auto","background-attachment":"scroll","background-type":"","background-media":"","overlay-type":"","overlay-color":"","overlay-opacity":"","overlay-gradient":""}},"iawp_total_views":13},"product_brand":[51],"product_cat":[57],"product_tag":[],"class_list":{"0":"post-4137","1":"product","2":"type-product","3":"status-publish","4":"has-post-thumbnail","6":"product_brand-dc-ccs1","7":"product_cat-dc-floor-ev-charger-ccs1","8":"desktop-align-left","9":"tablet-align-left","10":"mobile-align-left","11":"ast-product-gallery-layout-horizontal-slider","12":"ast-product-gallery-with-no-image","13":"ast-magnify-disabled","14":"ast-product-tabs-layout-horizontal","16":"first","17":"instock","18":"featured","19":"shipping-taxable","20":"product-type-simple"},"spectra_custom_meta":{"total_sales":["0"],"_tax_status":["taxable"],"_tax_class":[""],"_manage_stock":["no"],"_backorders":["no"],"_sold_individually":["no"],"_virtual":["no"],"_downloadable":["no"],"_download_limit":["-1"],"_download_expiry":["-1"],"_thumbnail_id":["3554"],"_stock":[null],"_stock_status":["instock"],"_wc_average_rating":["0"],"_wc_review_count":["0"],"_product_version":["10.6.1"],"_seopress_redirections_type":["301"],"_seopress_redirections_logged_status":["both"],"_seopress_analysis_target_kw":[""],"site-sidebar-layout":["default"],"ast-site-content-layout":["default"],"site-content-style":["default"],"site-sidebar-style":["default"],"theme-transparent-header-meta":["default"],"stick-header-meta":["default"],"_seopress_robots_primary_cat":["none"],"_wp_old_date":["2025-09-22"],"iawp_total_views":["13"],"_edit_lock":["1774682422:2"],"_edit_last":["2"],"astra-migrate-meta-layouts":["set"],"_uag_css_file_name":["uag-css-4137.css"]},"uagb_featured_image_src":{"full":["https:\/\/www.amecee.com.cn\/wp-content\/uploads\/2025\/09\/Standing-DC-Fast-Charging-1-2-0-KW-2-4-0-KW-3-2-0-KW.webp",1000,1000,false],"thumbnail":["https:\/\/www.amecee.com.cn\/wp-content\/uploads\/2025\/09\/Standing-DC-Fast-Charging-1-2-0-KW-2-4-0-KW-3-2-0-KW-150x150.webp",150,150,true],"medium":["https:\/\/www.amecee.com.cn\/wp-content\/uploads\/2025\/09\/Standing-DC-Fast-Charging-1-2-0-KW-2-4-0-KW-3-2-0-KW-300x300.webp",300,300,true],"medium_large":["https:\/\/www.amecee.com.cn\/wp-content\/uploads\/2025\/09\/Standing-DC-Fast-Charging-1-2-0-KW-2-4-0-KW-3-2-0-KW-768x768.webp",768,768,true],"large":["https:\/\/www.amecee.com.cn\/wp-content\/uploads\/2025\/09\/Standing-DC-Fast-Charging-1-2-0-KW-2-4-0-KW-3-2-0-KW.webp",1000,1000,false],"1536x1536":["https:\/\/www.amecee.com.cn\/wp-content\/uploads\/2025\/09\/Standing-DC-Fast-Charging-1-2-0-KW-2-4-0-KW-3-2-0-KW.webp",1000,1000,false],"2048x2048":["https:\/\/www.amecee.com.cn\/wp-content\/uploads\/2025\/09\/Standing-DC-Fast-Charging-1-2-0-KW-2-4-0-KW-3-2-0-KW.webp",1000,1000,false],"trp-custom-language-flag":["https:\/\/www.amecee.com.cn\/wp-content\/uploads\/2025\/09\/Standing-DC-Fast-Charging-1-2-0-KW-2-4-0-KW-3-2-0-KW.webp",12,12,false],"woocommerce_thumbnail":["https:\/\/www.amecee.com.cn\/wp-content\/uploads\/2025\/09\/Standing-DC-Fast-Charging-1-2-0-KW-2-4-0-KW-3-2-0-KW-600x600.webp",600,600,true],"woocommerce_single":["https:\/\/www.amecee.com.cn\/wp-content\/uploads\/2025\/09\/Standing-DC-Fast-Charging-1-2-0-KW-2-4-0-KW-3-2-0-KW.webp",1000,1000,false],"woocommerce_gallery_thumbnail":["https:\/\/www.amecee.com.cn\/wp-content\/uploads\/2025\/09\/Standing-DC-Fast-Charging-1-2-0-KW-2-4-0-KW-3-2-0-KW-100x100.webp",100,100,true]},"uagb_author_info":{"display_name":"qunhe","author_link":"https:\/\/www.amecee.com.cn\/de\/author\/"},"uagb_comment_info":0,"uagb_excerpt":"Efficient, intelligent, and multi-vehicle compatible modular fast-charging system This charging system is designed to meet fast-charging needs across a wide range of vehicles, from passenger cars to large buses, supporting a full voltage range up to 1000V. Its modular architecture enables intelligent power distribution for simultaneous multi-connector charging while dynamically adjusting cooling to ensure quiet&hellip;","_links":{"self":[{"href":"https:\/\/www.amecee.com.cn\/de\/wp-json\/wp\/v2\/product\/4137","targetHints":{"allow":["GET"]}}],"collection":[{"href":"https:\/\/www.amecee.com.cn\/de\/wp-json\/wp\/v2\/product"}],"about":[{"href":"https:\/\/www.amecee.com.cn\/de\/wp-json\/wp\/v2\/types\/product"}],"wp:featuredmedia":[{"embeddable":true,"href":"https:\/\/www.amecee.com.cn\/de\/wp-json\/wp\/v2\/media\/3554"}],"wp:attachment":[{"href":"https:\/\/www.amecee.com.cn\/de\/wp-json\/wp\/v2\/media?parent=4137"}],"wp:term":[{"taxonomy":"product_brand","embeddable":true,"href":"https:\/\/www.amecee.com.cn\/de\/wp-json\/wp\/v2\/product_brand?post=4137"},{"taxonomy":"product_cat","embeddable":true,"href":"https:\/\/www.amecee.com.cn\/de\/wp-json\/wp\/v2\/product_cat?post=4137"},{"taxonomy":"product_tag","embeddable":true,"href":"https:\/\/www.amecee.com.cn\/de\/wp-json\/wp\/v2\/product_tag?post=4137"}],"curies":[{"name":"wp","href":"https:\/\/api.w.org\/{rel}","templated":true}]}}