{"id":3403,"date":"2025-08-15T08:53:27","date_gmt":"2025-08-15T08:53:27","guid":{"rendered":"https:\/\/amecee.com\/?post_type=product&#038;p=3403"},"modified":"2026-03-27T06:51:27","modified_gmt":"2026-03-27T06:51:27","slug":"split-dc-super-fast-charging-360kw-800kw","status":"publish","type":"product","link":"https:\/\/www.amecee.com.cn\/de\/produkt\/split-dc-super-fast-charging-360kw-800kw\/","title":{"rendered":"Geteilte DC-Superschnellladung 360KW\/800KW"},"content":{"rendered":"<h3 class=\"pub_title\">Eigenschaften<\/h3>\n<p><strong>Hohe Leistungsabgabe<\/strong> Equipped with high-power.<\/p>\n<p>power supply cabinet, upgraded with liquid cooling, super-fast charging, greatly shorten the charging time.<\/p>\n<p><strong>\u00dcberlegene Aufladung<\/strong> experience The power cabinet is placed independently rom the charging.<\/p>\n<p>area, which greatly reduces noise pollution.<\/p>\n<p>Easy installation The charging terminal is compact and easy to install.<\/p>\n<p><strong>Multistandard-Ladung<\/strong> port combination.<\/p>\n<p>CCS2, CHAdeMO, GB\/T, CCS1 can be combined and customized High voltage output ranges from 200V-1000V Any car-wide voltage.<\/p>\n<p><strong>Intelligente Bedienung<\/strong> We can compatible with various.<\/p>\n<p>OCPP platform.<\/p>\n<p><strong>\u00dcberwachung hinter den Kulissen<\/strong> Real-time monitoring of the EV Charging status<\/p>\n<p><strong>Lastausgleich<\/strong> Effektivere Verbindung zum Lastenausgleich.<\/p>\n<h3 class=\"pub_title\">Parameter<\/h3>\n<table class=\"pro_table\" width=\"100%\">\n<tbody>\n<tr class=\"trbj\">\n<td colspan=\"4\">Spezifikation<\/td>\n<\/tr>\n<tr>\n<td>Modell<\/td>\n<td><\/td>\n<td>HS_FSDC_360<\/td>\n<td>HS_FSDC_480<\/td>\n<\/tr>\n<tr class=\"trbj\">\n<td colspan=\"4\">Elektrische Eigenschaften<\/td>\n<\/tr>\n<tr>\n<td rowspan=\"6\">AC\u00a0Input<\/td>\n<td>Input\u00a0Rating<\/td>\n<td>AC 380V\u00b115% 3ph<\/td>\n<td>AC 380V\u00b115% 3ph<\/td>\n<\/tr>\n<tr>\n<td>AC\u00a0Input\u00a0connection<\/td>\n<td>3P+N+PE<\/td>\n<td>3P+N+PE<\/td>\n<\/tr>\n<tr>\n<td>AC\u00a0Input\u00a0Current<\/td>\n<td>Max 643A<\/td>\n<td>858A<\/td>\n<\/tr>\n<tr>\n<td>Frequenz<\/td>\n<td>50\/60Hz<\/td>\n<td>50\/60Hz<\/td>\n<\/tr>\n<tr>\n<td>Power\u00a0Factor<\/td>\n<td>\u22650.99<\/td>\n<td>\u22650.99<\/td>\n<\/tr>\n<tr>\n<td>Wirkungsgrad<\/td>\n<td>\u226597%<\/td>\n<td>\u226597%<\/td>\n<\/tr>\n<tr>\n<td rowspan=\"5\">DC\u00a0Output<\/td>\n<td>Output\u00a0Voltage\u00a0Range<\/td>\n<td>DC200-1000V<\/td>\n<td>DC200-1000V<\/td>\n<\/tr>\n<tr>\n<td>Max.Output\u00a0Current<\/td>\n<td>250A(System)<\/td>\n<td>250A(System)<\/td>\n<\/tr>\n<tr>\n<td>Max.Output\u00a0Power<\/td>\n<td>DC360KW<\/td>\n<td>DC480KW<\/td>\n<\/tr>\n<tr>\n<td>Voltage\u00a0Accuracy<\/td>\n<td>\u2264\u00b10,5%<\/td>\n<td>\u2264\u00b10,5%<\/td>\n<\/tr>\n<tr>\n<td>Current\u00a0Accuracy<\/td>\n<td>\u2264\u00b11%<\/td>\n<td>\u2264\u00b11%<\/td>\n<\/tr>\n<tr class=\"trbj\">\n<td colspan=\"4\">User\u00a0Interfact\u00a0&amp;\u00a0Control<\/td>\n<\/tr>\n<tr>\n<td colspan=\"2\">Not-Aus-Taster<\/td>\n<td colspan=\"2\">Ja<\/td>\n<\/tr>\n<tr>\n<td colspan=\"2\">Anzeige<\/td>\n<td colspan=\"2\">10&#8221;\u00a0LCD\u00a0Touch\u00a0Screen<\/td>\n<\/tr>\n<tr>\n<td colspan=\"2\">Benutzerauthentifizierung<\/td>\n<td colspan=\"2\">RFID, OCPP, QR-Code, Reisepass, Bewerbung<\/td>\n<\/tr>\n<tr>\n<td colspan=\"2\">Sprache unterst\u00fctzen<\/td>\n<td colspan=\"2\">Englisch oder andere Sprachen sind auf Anfrage erh\u00e4ltlich<\/td>\n<\/tr>\n<tr class=\"trbj\">\n<td colspan=\"4\">Kommunikation<\/td>\n<\/tr>\n<tr>\n<td colspan=\"2\">Extern<\/td>\n<td colspan=\"2\">Ethernet, Wifi<\/td>\n<\/tr>\n<tr>\n<td colspan=\"2\">Intern<\/td>\n<td colspan=\"2\">CAN, RS485, RS232<\/td>\n<\/tr>\n<tr class=\"trbj\">\n<td colspan=\"4\">Umwelt<\/td>\n<\/tr>\n<tr>\n<td colspan=\"2\">Betriebstemperatur<\/td>\n<td colspan=\"2\">-30 \u2103 ~ +50 \u2103<\/td>\n<\/tr>\n<tr>\n<td colspan=\"2\">Luftfeuchtigkeit<\/td>\n<td colspan=\"2\">&lt;95% relative Luftfeuchtigkeit, nicht kondensierend<\/td>\n<\/tr>\n<tr>\n<td colspan=\"2\">H\u00f6henlage<\/td>\n<td colspan=\"2\">\u22642000m(6000 Fu\u00df)<\/td>\n<\/tr>\n<tr class=\"trbj\">\n<td colspan=\"4\">Mechanisch<\/td>\n<\/tr>\n<tr>\n<td colspan=\"2\">Schutz gegen Eindringen<\/td>\n<td>IP54<\/td>\n<td><\/td>\n<\/tr>\n<tr>\n<td colspan=\"2\">Schutz des Geh\u00e4uses<\/td>\n<td>IK10<\/td>\n<td><\/td>\n<\/tr>\n<tr>\n<td colspan=\"2\">K\u00fchlung<\/td>\n<td>Luftgek\u00fchlt<\/td>\n<td><\/td>\n<\/tr>\n<tr>\n<td colspan=\"2\">Einbauverfahren<\/td>\n<td>Bodenmontiert<\/td>\n<td><\/td>\n<\/tr>\n<tr>\n<td colspan=\"2\">Schutz<\/td>\n<td colspan=\"2\">\u00dcberstrom, Unterspannung, \u00dcberspannung, Fehlerstrom, \u00dcberspannungsschutz, Kurzschluss, \u00dcbertemperatur, Erdschluss<\/td>\n<\/tr>\n<tr>\n<td colspan=\"2\">Netzwerk-Gateway<\/td>\n<td>4G<\/td>\n<td><\/td>\n<\/tr>\n<tr>\n<td colspan=\"2\">Zahlungsmethode<\/td>\n<td>SCAN, POS-Maschine<\/td>\n<td><\/td>\n<\/tr>\n<tr class=\"trbj\">\n<td colspan=\"4\">Details zur Verpackung<\/td>\n<\/tr>\n<tr>\n<td colspan=\"2\">Produkt Dimension<\/td>\n<td>700\u00a0*\u00a01700\u00a0*\u00a0530mm<\/td>\n<td>700\u00a0*\u00a01700\u00a0*\u00a0530mm<\/td>\n<\/tr>\n<tr>\n<td colspan=\"2\">Produkt Gewicht<\/td>\n<td>240\u00a0Kg<\/td>\n<td>280\u00a0Kg<\/td>\n<\/tr>\n<\/tbody>\n<\/table>","protected":false},"excerpt":{"rendered":"<p><strong>Hocheffizientes, intelligentes und weitgehend kompatibles DC-Schnellladesystem<\/strong><\/p>\n<p>This DC fast-charging system is designed for high efficiency and intelligent operation, delivering ultra-fast, safe, and stable charging for electric vehicles. Featuring advanced liquid cooling and an independent power cabinet, it ensures consistent high-power output while minimizing operational noise.<\/p>\n<p>With multi-standard ports and a wide voltage range, it is compatible with most EV models worldwide. Integrated real-time monitoring and load balancing enable efficient energy allocation and streamlined device management, making it an ideal choice for building high-performance, low-maintenance charging networks.<\/p>\n<p><img alt=\"\" loading=\"lazy\" decoding=\"async\" class=\"alignnone wp-image-3514 size-full\" src=\"https:\/\/amecee.com.cn\/wp-content\/uploads\/2025\/09\/zs.webp\" width=\"960\" height=\"110\" srcset=\"https:\/\/www.amecee.com.cn\/wp-content\/uploads\/2025\/09\/zs.webp 960w, https:\/\/www.amecee.com.cn\/wp-content\/uploads\/2025\/09\/zs-300x34.webp 300w, https:\/\/www.amecee.com.cn\/wp-content\/uploads\/2025\/09\/zs-768x88.webp 768w\" sizes=\"auto, (max-width: 960px) 100vw, 960px\" \/><\/p>","protected":false},"featured_media":3420,"template":"","meta":{"_seopress_robots_primary_cat":"none","_seopress_titles_title":"","_seopress_titles_desc":"","_seopress_robots_index":"","_uag_custom_page_level_css":"","site-sidebar-layout":"no-sidebar","site-content-layout":"content-boxed-container","ast-site-content-layout":"normal-width-container","site-content-style":"boxed","site-sidebar-style":"unboxed","ast-global-header-display":"","ast-banner-title-visibility":"","ast-main-header-display":"","ast-hfb-above-header-display":"","ast-hfb-below-header-display":"","ast-hfb-mobile-header-display":"","site-post-title":"disabled","ast-breadcrumbs-content":"","ast-featured-img":"disabled","footer-sml-layout":"","ast-disable-related-posts":"","theme-transparent-header-meta":"default","adv-header-id-meta":"","stick-header-meta":"default","header-above-stick-meta":"","header-main-stick-meta":"","header-below-stick-meta":"","astra-migrate-meta-layouts":"set","ast-page-background-enabled":"default","ast-page-background-meta":{"desktop":{"background-color":"var(--ast-global-color-4)","background-image":"","background-repeat":"repeat","background-position":"center center","background-size":"auto","background-attachment":"scroll","background-type":"","background-media":"","overlay-type":"","overlay-color":"","overlay-opacity":"","overlay-gradient":""},"tablet":{"background-color":"","background-image":"","background-repeat":"repeat","background-position":"center center","background-size":"auto","background-attachment":"scroll","background-type":"","background-media":"","overlay-type":"","overlay-color":"","overlay-opacity":"","overlay-gradient":""},"mobile":{"background-color":"","background-image":"","background-repeat":"repeat","background-position":"center center","background-size":"auto","background-attachment":"scroll","background-type":"","background-media":"","overlay-type":"","overlay-color":"","overlay-opacity":"","overlay-gradient":""}},"ast-content-background-meta":{"desktop":{"background-color":"var(--ast-global-color-5)","background-image":"","background-repeat":"repeat","background-position":"center center","background-size":"auto","background-attachment":"scroll","background-type":"","background-media":"","overlay-type":"","overlay-color":"","overlay-opacity":"","overlay-gradient":""},"tablet":{"background-color":"var(--ast-global-color-5)","background-image":"","background-repeat":"repeat","background-position":"center center","background-size":"auto","background-attachment":"scroll","background-type":"","background-media":"","overlay-type":"","overlay-color":"","overlay-opacity":"","overlay-gradient":""},"mobile":{"background-color":"var(--ast-global-color-5)","background-image":"","background-repeat":"repeat","background-position":"center center","background-size":"auto","background-attachment":"scroll","background-type":"","background-media":"","overlay-type":"","overlay-color":"","overlay-opacity":"","overlay-gradient":""}},"iawp_total_views":22},"product_brand":[49],"product_cat":[29],"product_tag":[],"class_list":{"0":"post-3403","1":"product","2":"type-product","3":"status-publish","4":"has-post-thumbnail","6":"product_brand-ccs2","7":"product_cat-dc-split-super-fast-charger","8":"desktop-align-left","9":"tablet-align-left","10":"mobile-align-left","11":"ast-product-gallery-layout-horizontal-slider","12":"ast-product-gallery-with-no-image","13":"ast-magnify-disabled","14":"ast-product-tabs-layout-horizontal","16":"first","17":"instock","18":"shipping-taxable","19":"product-type-simple"},"spectra_custom_meta":{"total_sales":["0"],"_tax_status":["taxable"],"_tax_class":[""],"_manage_stock":["no"],"_backorders":["no"],"_sold_individually":["no"],"_virtual":["no"],"_downloadable":["no"],"_download_limit":["-1"],"_download_expiry":["-1"],"_stock":[null],"_stock_status":["instock"],"_wc_average_rating":["0"],"_wc_review_count":["0"],"_product_version":["10.6.1"],"_wp_page_template":["default"],"_yoast_wpseo_estimated-reading-time-minutes":["1"],"site-sidebar-layout":["no-sidebar"],"site-content-layout":["content-boxed-container"],"theme-transparent-header-meta":["default"],"_yoast_wpseo_content_score":["90"],"_elementor_edit_mode":["builder"],"_elementor_template_type":["wp-post"],"_elementor_version":["3.6.6"],"_astra_content_layout_flag":["disabled"],"site-post-title":["disabled"],"ast-title-bar-display":["disabled"],"ast-featured-img":["disabled"],"_elementor_data":["[{\"id\":\"a82fca1\",\"elType\":\"section\",\"settings\":{\"gap\":\"no\",\"padding\":{\"unit\":\"px\",\"top\":\"50\",\"right\":\"0\",\"bottom\":\"100\",\"left\":\"0\",\"isLinked\":false},\"padding_mobile\":{\"unit\":\"px\",\"top\":\"25\",\"right\":\"0\",\"bottom\":\"50\",\"left\":\"0\",\"isLinked\":false}},\"elements\":[{\"id\":\"5d14a0e\",\"elType\":\"column\",\"settings\":{\"_column_size\":100,\"_inline_size\":null,\"__globals__\":{\"background_color\":\"\"},\"space_between_widgets\":10},\"elements\":[{\"id\":\"2b76a1b\",\"elType\":\"widget\",\"settings\":{\"title\":\"Description\",\"header_size\":\"h3\",\"_padding\":{\"unit\":\"px\",\"top\":\"0\",\"right\":\"0\",\"bottom\":\"20\",\"left\":\"0\",\"isLinked\":false}},\"elements\":[],\"widgetType\":\"heading\"},{\"id\":\"dc42055\",\"elType\":\"widget\",\"settings\":{\"title\":\"Electric Scooter Libero X250\",\"header_size\":\"h5\"},\"elements\":[],\"widgetType\":\"heading\"},{\"id\":\"ce4a807\",\"elType\":\"widget\",\"settings\":{\"editor\":\"<p>Lorem ipsum dolor sit amet, consectetur adipiscing elit. Suspendisse ac massa eget urna tempor vehicula vel id nisi. Pellentesque sed felis auctor, molestie lectus vitae, elementum orci. In et nunc consequat, semper tellus eget, euismod quam.<p><span style=\"font-style: inherit;font-weight: inherit;background-color: var(--ast-global-color-5);color: var(--ast-global-color-3)\">Pellentesque magna arcu, lacinia sed mi non, pretium posuere eros. Mauris maximus imperdiet sem aliquam facilisis. Nam in sem at augue finibus vehicula eget quis sapien. Pellentesque malesuada ligula vel auctor facilisis. In condimentum mattis ornare.\",\"_padding\":{\"unit\":\"px\",\"top\":\"0\",\"right\":\"0\",\"bottom\":\"35\",\"left\":\"0\",\"isLinked\":false},\"_padding_tablet\":{\"unit\":\"px\",\"top\":\"0\",\"right\":\"0\",\"bottom\":\"25\",\"left\":\"0\",\"isLinked\":false}},\"elements\":[],\"widgetType\":\"text-editor\"},{\"id\":\"363af84\",\"elType\":\"section\",\"settings\":{\"gap\":\"no\",\"structure\":\"20\",\"border_border\":\"solid\",\"border_width\":{\"unit\":\"px\",\"top\":\"1\",\"right\":\"0\",\"bottom\":\"0\",\"left\":\"0\",\"isLinked\":false},\"border_color\":\"#0000001A\",\"padding\":{\"unit\":\"px\",\"top\":\"50\",\"right\":\"0\",\"bottom\":\"45\",\"left\":\"0\",\"isLinked\":false},\"padding_mobile\":{\"unit\":\"px\",\"top\":\"35\",\"right\":\"0\",\"bottom\":\"35\",\"left\":\"0\",\"isLinked\":false}},\"elements\":[{\"id\":\"2ecbf3a\",\"elType\":\"column\",\"settings\":{\"_column_size\":50,\"_inline_size\":null,\"padding\":{\"unit\":\"px\",\"top\":\"0\",\"right\":\"100\",\"bottom\":\"0\",\"left\":\"0\",\"isLinked\":false},\"_inline_size_tablet\":37,\"padding_tablet\":{\"unit\":\"px\",\"top\":\"0\",\"right\":\"25\",\"bottom\":\"0\",\"left\":\"0\",\"isLinked\":false}},\"elements\":[{\"id\":\"d0c69f9\",\"elType\":\"widget\",\"settings\":{\"title\":\"Summery of key featues\",\"header_size\":\"h3\",\"_padding_mobile\":{\"unit\":\"px\",\"top\":\"0\",\"right\":\"0\",\"bottom\":\"25\",\"left\":\"0\",\"isLinked\":false}},\"elements\":[],\"widgetType\":\"heading\"}],\"isInner\":true},{\"id\":\"a6d36cb\",\"elType\":\"column\",\"settings\":{\"_column_size\":50,\"_inline_size\":null,\"_inline_size_tablet\":63},\"elements\":[{\"id\":\"3005828\",\"elType\":\"widget\",\"settings\":{\"icon_list\":[{\"text\":\"Colourful LCD display to show the scooter speed\/ mileage\",\"selected_icon\":{\"value\":\"far fa-dot-circle\",\"library\":\"fa-regular\"},\"_id\":\"05b36ad\"},{\"text\":\"One button, switch on\/off, speed adjust, light switch on\/off\",\"selected_icon\":{\"value\":\"far fa-dot-circle\",\"library\":\"fa-regular\"},\"_id\":\"7185785\"},{\"text\":\"4-5 hour fast charge\",\"selected_icon\":{\"value\":\"far fa-dot-circle\",\"library\":\"fa-regular\"},\"_id\":\"f97847f\"},{\"text\":\"APP lock function on scooter\",\"selected_icon\":{\"value\":\"far fa-dot-circle\",\"library\":\"fa-regular\"},\"_id\":\"437b077\"},{\"text\":\"Strong powerful 350W motor, climbing range 20u00b0\",\"selected_icon\":{\"value\":\"far fa-dot-circle\",\"library\":\"fa-regular\"},\"_id\":\"5fd4d3e\"}],\"space_between\":{\"unit\":\"px\",\"size\":30,\"sizes\":[]},\"icon_align\":\"left\",\"divider\":\"yes\",\"divider_color\":\"#0000001A\",\"__globals__\":{\"divider_color\":\"\"}},\"elements\":[],\"widgetType\":\"icon-list\"}],\"isInner\":true}],\"isInner\":true},{\"id\":\"d2d8768\",\"elType\":\"section\",\"settings\":{\"custom_height_inner\":{\"unit\":\"vh\",\"size\":45,\"sizes\":[]},\"custom_height_inner_tablet\":{\"unit\":\"vh\",\"size\":\"\",\"sizes\":[]},\"custom_height_inner_mobile\":{\"unit\":\"vh\",\"size\":\"\",\"sizes\":[]},\"background_background\":\"classic\",\"background_image\":{\"url\":\"https:\/\/staging.websitedemos.net\/electric-scooter-02\/wp-content\/uploads\/sites\/1093\/2022\/07\/description-01.jpg\",\"id\":778,\"alt\":\"\",\"source\":\"library\"},\"background_position\":\"center center\",\"background_attachment\":\"scroll\",\"background_repeat\":\"no-repeat\",\"background_size\":\"cover\",\"background_overlay_background\":\"gradient\",\"background_overlay_color\":\"#000000\",\"background_overlay_color_b\":\"#00000000\",\"background_overlay_gradient_angle\":{\"unit\":\"deg\",\"size\":0,\"sizes\":[]},\"background_overlay_opacity\":{\"unit\":\"px\",\"size\":0.7,\"sizes\":[]},\"margin\":{\"unit\":\"px\",\"top\":\"0\",\"right\":0,\"bottom\":\"10\",\"left\":0,\"isLinked\":false},\"padding\":{\"unit\":\"px\",\"top\":\"50\",\"right\":\"50\",\"bottom\":\"50\",\"left\":\"50\",\"isLinked\":true},\"__globals__\":{\"background_overlay_color\":\"globals\/colors?id=astglobalcolor2\",\"background_overlay_color_b\":\"\"},\"padding_mobile\":{\"unit\":\"px\",\"top\":\"20\",\"right\":\"20\",\"bottom\":\"20\",\"left\":\"20\",\"isLinked\":true}},\"elements\":[{\"id\":\"4270454\",\"elType\":\"column\",\"settings\":{\"_column_size\":100,\"content_position\":\"center\",\"space_between_widgets\":10,\"text_align\":\"center\",\"padding\":{\"unit\":\"px\",\"top\":\"250\",\"right\":\"50\",\"bottom\":\"0\",\"left\":\"50\",\"isLinked\":false},\"padding_tablet\":{\"unit\":\"px\",\"top\":\"150\",\"right\":\"50\",\"bottom\":\"0\",\"left\":\"50\",\"isLinked\":false},\"padding_mobile\":{\"unit\":\"px\",\"top\":\"150\",\"right\":\"20\",\"bottom\":\"20\",\"left\":\"20\",\"isLinked\":false}},\"elements\":[{\"id\":\"5850039\",\"elType\":\"widget\",\"settings\":{\"title\":\"Ultra modern design\",\"header_size\":\"h6\",\"__globals__\":{\"title_color\":\"globals\/colors?id=astglobalcolor5\"}},\"elements\":[],\"widgetType\":\"heading\"},{\"id\":\"1aa3c60\",\"elType\":\"widget\",\"settings\":{\"title\":\"Single handed carrying\",\"header_size\":\"h3\",\"__globals__\":{\"title_color\":\"globals\/colors?id=astglobalcolor5\"}},\"elements\":[],\"widgetType\":\"heading\"},{\"id\":\"455dd20\",\"elType\":\"widget\",\"settings\":{\"title\":\"Lightingweight &amp; Folding\",\"header_size\":\"h4\",\"__globals__\":{\"title_color\":\"globals\/colors?id=astglobalcolor5\"}},\"elements\":[],\"widgetType\":\"heading\"}],\"isInner\":true}],\"isInner\":true},{\"id\":\"168b029\",\"elType\":\"section\",\"settings\":{\"custom_height_inner\":{\"unit\":\"vh\",\"size\":30,\"sizes\":[]},\"custom_height_inner_tablet\":{\"unit\":\"vh\",\"size\":\"\",\"sizes\":[]},\"custom_height_inner_mobile\":{\"unit\":\"vh\",\"size\":\"\",\"sizes\":[]},\"background_background\":\"classic\",\"background_image\":{\"url\":\"https:\/\/staging.websitedemos.net\/electric-scooter-02\/wp-content\/uploads\/sites\/1093\/2022\/07\/description-02.jpg\",\"id\":779,\"alt\":\"\",\"source\":\"library\"},\"background_position\":\"center center\",\"background_attachment\":\"scroll\",\"background_repeat\":\"no-repeat\",\"background_size\":\"cover\",\"background_overlay_background\":\"gradient\",\"background_overlay_color\":\"#000000\",\"background_overlay_color_b\":\"#00000000\",\"background_overlay_gradient_angle\":{\"unit\":\"deg\",\"size\":300,\"sizes\":[]},\"background_overlay_opacity\":{\"unit\":\"px\",\"size\":0.7,\"sizes\":[]},\"margin\":{\"unit\":\"px\",\"top\":\"0\",\"right\":0,\"bottom\":\"10\",\"left\":0,\"isLinked\":false},\"padding\":{\"unit\":\"px\",\"top\":\"50\",\"right\":\"50\",\"bottom\":\"50\",\"left\":\"50\",\"isLinked\":true},\"__globals__\":{\"background_overlay_color\":\"globals\/colors?id=astglobalcolor2\",\"background_overlay_color_b\":\"\"},\"padding_mobile\":{\"unit\":\"px\",\"top\":\"20\",\"right\":\"20\",\"bottom\":\"20\",\"left\":\"20\",\"isLinked\":true}},\"elements\":[{\"id\":\"6745ca6\",\"elType\":\"column\",\"settings\":{\"_column_size\":100,\"content_position\":\"center\",\"space_between_widgets\":10,\"text_align\":\"left\",\"margin\":{\"unit\":\"%\",\"top\":\"0\",\"right\":\"0\",\"bottom\":\"0\",\"left\":\"50\",\"isLinked\":false},\"margin_tablet\":{\"unit\":\"%\",\"top\":\"\",\"right\":\"\",\"bottom\":\"\",\"left\":\"\",\"isLinked\":true},\"margin_mobile\":{\"unit\":\"%\",\"top\":\"0\",\"right\":\"0\",\"bottom\":\"0\",\"left\":\"40\",\"isLinked\":false},\"padding\":{\"unit\":\"px\",\"top\":\"50\",\"right\":\"50\",\"bottom\":\"50\",\"left\":\"50\",\"isLinked\":true},\"padding_tablet\":{\"unit\":\"px\",\"top\":\"10\",\"right\":\"0\",\"bottom\":\"10\",\"left\":\"0\",\"isLinked\":false},\"padding_mobile\":{\"unit\":\"px\",\"top\":\"0\",\"right\":\"0\",\"bottom\":\"0\",\"left\":\"0\",\"isLinked\":true}},\"elements\":[{\"id\":\"4d18427\",\"elType\":\"widget\",\"settings\":{\"title\":\"Bluetooth connection\",\"header_size\":\"h6\",\"__globals__\":{\"title_color\":\"globals\/colors?id=astglobalcolor5\"}},\"elements\":[],\"widgetType\":\"heading\"},{\"id\":\"88751f4\",\"elType\":\"widget\",\"settings\":{\"title\":\"Always connected to your mobile phone!\",\"header_size\":\"h3\",\"__globals__\":{\"title_color\":\"globals\/colors?id=astglobalcolor5\"}},\"elements\":[],\"widgetType\":\"heading\"},{\"id\":\"c084460\",\"elType\":\"widget\",\"settings\":{\"title\":\"Lorem ipsum dolor sit amet, consectetur adipiscing elit.\",\"header_size\":\"h4\",\"__globals__\":{\"title_color\":\"globals\/colors?id=astglobalcolor5\"}},\"elements\":[],\"widgetType\":\"heading\"}],\"isInner\":true}],\"isInner\":true}],\"isInner\":false}],\"isInner\":false}]"],"_wxr_import_user_slug":["emmanuelm"],"_astra_sites_imported_post":["1"],"_astra_sites_enable_for_batch":["1"],"_seopress_robots_primary_cat":["none"],"_seopress_redirections_type":["301"],"_seopress_redirections_logged_status":["both"],"_seopress_analysis_target_kw":[""],"ast-site-content-layout":["normal-width-container"],"site-content-style":["boxed"],"site-sidebar-style":["unboxed"],"stick-header-meta":["default"],"_edit_lock":["1774594298:2"],"_edit_last":["2"],"_thumbnail_id":["3420"],"iawp_total_views":["22"],"astra-migrate-meta-layouts":["set"],"_uag_css_file_name":["uag-css-3403.css"]},"uagb_featured_image_src":{"full":["https:\/\/www.amecee.com.cn\/wp-content\/uploads\/2025\/05\/Split-DC-Super-Fast-Charging-360KW-800KW-1.webp",1000,1000,false],"thumbnail":["https:\/\/www.amecee.com.cn\/wp-content\/uploads\/2025\/05\/Split-DC-Super-Fast-Charging-360KW-800KW-1-150x150.webp",150,150,true],"medium":["https:\/\/www.amecee.com.cn\/wp-content\/uploads\/2025\/05\/Split-DC-Super-Fast-Charging-360KW-800KW-1-300x300.webp",300,300,true],"medium_large":["https:\/\/www.amecee.com.cn\/wp-content\/uploads\/2025\/05\/Split-DC-Super-Fast-Charging-360KW-800KW-1-768x768.webp",768,768,true],"large":["https:\/\/www.amecee.com.cn\/wp-content\/uploads\/2025\/05\/Split-DC-Super-Fast-Charging-360KW-800KW-1.webp",1000,1000,false],"1536x1536":["https:\/\/www.amecee.com.cn\/wp-content\/uploads\/2025\/05\/Split-DC-Super-Fast-Charging-360KW-800KW-1.webp",1000,1000,false],"2048x2048":["https:\/\/www.amecee.com.cn\/wp-content\/uploads\/2025\/05\/Split-DC-Super-Fast-Charging-360KW-800KW-1.webp",1000,1000,false],"trp-custom-language-flag":["https:\/\/www.amecee.com.cn\/wp-content\/uploads\/2025\/05\/Split-DC-Super-Fast-Charging-360KW-800KW-1.webp",12,12,false],"woocommerce_thumbnail":["https:\/\/www.amecee.com.cn\/wp-content\/uploads\/2025\/05\/Split-DC-Super-Fast-Charging-360KW-800KW-1-600x600.webp",600,600,true],"woocommerce_single":["https:\/\/www.amecee.com.cn\/wp-content\/uploads\/2025\/05\/Split-DC-Super-Fast-Charging-360KW-800KW-1.webp",1000,1000,false],"woocommerce_gallery_thumbnail":["https:\/\/www.amecee.com.cn\/wp-content\/uploads\/2025\/05\/Split-DC-Super-Fast-Charging-360KW-800KW-1-100x100.webp",100,100,true]},"uagb_author_info":{"display_name":"qunhe","author_link":"https:\/\/www.amecee.com.cn\/de\/author\/"},"uagb_comment_info":0,"uagb_excerpt":"High-efficiency, intelligent, and widely compatible DC fast-charging system This DC fast-charging system is designed for high efficiency and intelligent operation, delivering ultra-fast, safe, and stable charging for electric vehicles. Featuring advanced liquid cooling and an independent power cabinet, it ensures consistent high-power output while minimizing operational noise. With multi-standard ports and a wide voltage range,&hellip;","_links":{"self":[{"href":"https:\/\/www.amecee.com.cn\/de\/wp-json\/wp\/v2\/product\/3403","targetHints":{"allow":["GET"]}}],"collection":[{"href":"https:\/\/www.amecee.com.cn\/de\/wp-json\/wp\/v2\/product"}],"about":[{"href":"https:\/\/www.amecee.com.cn\/de\/wp-json\/wp\/v2\/types\/product"}],"wp:featuredmedia":[{"embeddable":true,"href":"https:\/\/www.amecee.com.cn\/de\/wp-json\/wp\/v2\/media\/3420"}],"wp:attachment":[{"href":"https:\/\/www.amecee.com.cn\/de\/wp-json\/wp\/v2\/media?parent=3403"}],"wp:term":[{"taxonomy":"product_brand","embeddable":true,"href":"https:\/\/www.amecee.com.cn\/de\/wp-json\/wp\/v2\/product_brand?post=3403"},{"taxonomy":"product_cat","embeddable":true,"href":"https:\/\/www.amecee.com.cn\/de\/wp-json\/wp\/v2\/product_cat?post=3403"},{"taxonomy":"product_tag","embeddable":true,"href":"https:\/\/www.amecee.com.cn\/de\/wp-json\/wp\/v2\/product_tag?post=3403"}],"curies":[{"name":"wp","href":"https:\/\/api.w.org\/{rel}","templated":true}]}}